{"id":629,"date":"2025-02-19T10:04:10","date_gmt":"2025-02-19T09:04:10","guid":{"rendered":"http:\/\/wordpress1.delit-dinfluence.fr\/HFSB1\/?page_id=629"},"modified":"2025-02-19T10:07:24","modified_gmt":"2025-02-19T09:07:24","slug":"mentionslegales","status":"publish","type":"page","link":"http:\/\/wordpress1.delit-dinfluence.fr\/HFSB1\/mentionslegales\/","title":{"rendered":"MENTIONS L\u00c9GALES"},"content":{"rendered":"\n<p><strong>I. IDENTIT\u00c9<\/strong><\/p>\n\n\n\n<p>\u00a0\u00a0\u00a0\u2022\u00a0\u00a0\u00a0\u00a0\u00a0\u00a0<strong>Nom de la soci\u00e9t\u00e9<\/strong>\u00a0: HFSB<\/p>\n\n\n\n<p>&nbsp;&nbsp;&nbsp;\u2022&nbsp;&nbsp;&nbsp;&nbsp;&nbsp;&nbsp;<strong>Forme juridique<\/strong>&nbsp;: SARL<\/p>\n\n\n\n<p>\u00a0\u00a0\u00a0\u2022\u00a0\u00a0\u00a0\u00a0\u00a0\u00a0<strong>Capital social<\/strong>\u00a0: 18 500 \u20ac<\/p>\n\n\n\n<p>\u00a0\u00a0\u00a0\u2022\u00a0\u00a0\u00a0\u00a0\u00a0\u00a0<strong>Siret<\/strong>\u00a0: 82934309400035<\/p>\n\n\n\n<p>\u00a0\u00a0\u00a0\u2022\u00a0\u00a0\u00a0\u00a0\u00a0\u00a0<strong>Adresse<\/strong>\u00a0: 73 ROUTE D\u2019ALLOGNY, 18110 SAINT-MARTIN-D&rsquo;AUXIGNY<\/p>\n\n\n\n<p>\u00a0\u00a0\u00a0\u2022\u00a0\u00a0\u00a0\u00a0\u00a0\u00a0<strong>T\u00e9l\u00e9phone<\/strong>\u00a0: <a href=\"https:\/\/www.google.fr\/search?q=hfsb+saint+lartin&amp;client=safari&amp;sca_esv=fc24ddbdfeda5bef&amp;sxsrf=AHTn8zq0oTQRVT65AkcuYPeE394ylUmIRw%3A1739955725004&amp;source=hp&amp;ei=DJ61Z6r8Oo60kdUPx-OsuQk&amp;iflsig=ACkRmUkAAAAAZ7WsHWyNPLlXfgxlqeTHPo6VuSUR1CYY&amp;ved=0ahUKEwiqsqWXsM-LAxUOWqQEHccxK5cQ4dUDCBk&amp;uact=5&amp;oq=hfsb+saint+lartin&amp;gs_lp=Egdnd3Mtd2l6IhFoZnNiIHNhaW50IGxhcnRpbjIHECEYoAEYCjIHECEYoAEYCjIHECEYoAEYCki_JlAAWLIicAB4AJABAJgBXKABugiqAQIxN7gBA8gBAPgBAZgCEaACognCAgQQIxgnwgIKECMYgAQYJxiKBcICDhAuGIAEGLEDGNEDGMcBwgIIEAAYgAQYsQPCAgsQABiABBixAxiDAcICDhAAGIAEGLEDGIMBGIoFwgILEC4YgAQYsQMYgwHCAgsQLhiABBjHARivAcICBRAuGIAEwgIFEAAYgATCAhoQLhiABBixAxiDARjHARiYBRiZBRieBRivAcICBBAAGB7CAgwQLhjRAxjHARgKGB7CAgcQABiABBgTwgIGEAAYExgewgIOEC4Y0QMYExjHARgKGB7CAggQABgTGAoYHsICAhAmwgIFEAAY7wXCAggQABiABBiiBMICBRAhGKABwgIEECEYFZgDAJIHAjE3oAenWQ&amp;sclient=gws-wiz#\">06 47 61 15 03<\/a><\/p>\n\n\n\n<p>\u00a0\u00a0\u00a0\u2022\u00a0\u00a0\u00a0\u00a0\u00a0\u00a0<strong>Adresse email<\/strong>\u00a0: florent.jacques@hfsb.fr<\/p>\n\n\n\n<p>\u00a0\u00a0\u00a0\u2022\u00a0\u00a0\u00a0\u00a0\u00a0\u00a0<strong>Directeur de la publication<\/strong>\u00a0: Monsieur Florent JACQUES<\/p>\n\n\n\n<p><strong>II. PROPRI\u00c9T\u00c9 INTELLECTUELLE<\/strong><\/p>\n\n\n\n<p>La structure g\u00e9n\u00e9rale, ainsi que les textes, images, vid\u00e9os, logos, \u00e9l\u00e9ments graphiques et contenus pr\u00e9sents sur ce site sont la propri\u00e9t\u00e9 exclusive de\u00a0HFSB ou de ses partenaires.<\/p>\n\n\n\n<p>Toute reproduction, repr\u00e9sentation, modification, publication, adaptation totale ou partielle des \u00e9l\u00e9ments de ce site, par quelque moyen ou proc\u00e9d\u00e9 que ce soit, sans autorisation pr\u00e9alable \u00e9crite, est strictement interdite et constitue une contrefa\u00e7on sanctionn\u00e9e par les articles L335-2 et suivants du Code de la propri\u00e9t\u00e9 intellectuelle.<\/p>\n\n\n\n<p><strong>III. DONN\u00c9ES PERSONNELLES<\/strong><\/p>\n\n\n\n<p>Le pr\u00e9sent site collecte des donn\u00e9es personnelles via son formulaire de contact afin de r\u00e9pondre aux demandes des utilisateurs. Les informations collect\u00e9es peuvent inclure :<\/p>\n\n\n\n<p>&nbsp;&nbsp;&nbsp;\u2022&nbsp;&nbsp;&nbsp;&nbsp;&nbsp;&nbsp;Nom<\/p>\n\n\n\n<p>&nbsp;&nbsp;&nbsp;\u2022&nbsp;&nbsp;&nbsp;&nbsp;&nbsp;&nbsp;Pr\u00e9nom<\/p>\n\n\n\n<p>&nbsp;&nbsp;&nbsp;\u2022&nbsp;&nbsp;&nbsp;&nbsp;&nbsp;&nbsp;Adresse email<\/p>\n\n\n\n<p>&nbsp;&nbsp;&nbsp;\u2022&nbsp;&nbsp;&nbsp;&nbsp;&nbsp;&nbsp;Num\u00e9ro de t\u00e9l\u00e9phone (si applicable)<\/p>\n\n\n\n<p>&nbsp;&nbsp;&nbsp;\u2022&nbsp;&nbsp;&nbsp;&nbsp;&nbsp;&nbsp;Tout autre renseignement fourni dans le message.<\/p>\n\n\n\n<p>Ces donn\u00e9es sont uniquement utilis\u00e9es pour r\u00e9pondre aux messages et ne sont jamais transmises \u00e0 des tiers sans consentement pr\u00e9alable.<\/p>\n\n\n\n<p><strong>Exercice des droits<\/strong><\/p>\n\n\n\n<p>Conform\u00e9ment au R\u00e8glement G\u00e9n\u00e9ral sur la Protection des Donn\u00e9es (RGPD), vous disposez des droits suivants sur vos donn\u00e9es personnelles :<\/p>\n\n\n\n<p>&nbsp;&nbsp;&nbsp;\u2022&nbsp;&nbsp;&nbsp;&nbsp;&nbsp;&nbsp;Acc\u00e8s<\/p>\n\n\n\n<p>&nbsp;&nbsp;&nbsp;\u2022&nbsp;&nbsp;&nbsp;&nbsp;&nbsp;&nbsp;Rectification<\/p>\n\n\n\n<p>&nbsp;&nbsp;&nbsp;\u2022&nbsp;&nbsp;&nbsp;&nbsp;&nbsp;&nbsp;Suppression<\/p>\n\n\n\n<p>&nbsp;&nbsp;&nbsp;\u2022&nbsp;&nbsp;&nbsp;&nbsp;&nbsp;&nbsp;Opposition<\/p>\n\n\n\n<p>&nbsp;&nbsp;&nbsp;\u2022&nbsp;&nbsp;&nbsp;&nbsp;&nbsp;&nbsp;Limitation du traitement<\/p>\n\n\n\n<p>&nbsp;&nbsp;&nbsp;\u2022&nbsp;&nbsp;&nbsp;&nbsp;&nbsp;&nbsp;Portabilit\u00e9 (le cas \u00e9ch\u00e9ant).<\/p>\n\n\n\n<p>Pour exercer vos droits ou pour toute question relative \u00e0 la gestion des donn\u00e9es personnelles, veuillez nous contacter \u00e0 :<\/p>\n\n\n\n<p>&nbsp;&nbsp;&nbsp;\u2022&nbsp;&nbsp;&nbsp;&nbsp;&nbsp;&nbsp;<strong>Adresse postale<\/strong>&nbsp;: ZI \u2013 rue Fernand Leger 18400 Saint Florent sur Cher<\/p>\n\n\n\n<p>\u00a0\u00a0\u00a0\u2022\u00a0\u00a0\u00a0\u00a0\u00a0\u00a0<strong>Email<\/strong>\u00a0:\u00a0 florent.jacques@hfsb.fr<\/p>\n\n\n\n<p><strong>IV. COOKIES<\/strong><\/p>\n\n\n\n<p>Lors de votre navigation sur ce site, des cookies peuvent \u00eatre install\u00e9s sur votre terminal. Ces cookies ne permettent pas de vous identifier directement mais enregistrent des informations relatives \u00e0 votre navigation.<\/p>\n\n\n\n<p>Vous pouvez configurer votre navigateur pour limiter ou bloquer les cookies via ses param\u00e8tres. Cependant, certaines fonctionnalit\u00e9s du site pourraient ne pas fonctionner correctement en cas de d\u00e9sactivation des cookies.<\/p>\n\n\n\n<p>Pour plus d\u2019informations sur l\u2019utilisation des cookies, veuillez consulter notre politique de gestion des cookies [lien vers la page d\u00e9di\u00e9e, si applicable].<\/p>\n\n\n\n<p><strong>V. HYPERLIENS<\/strong><\/p>\n\n\n\n<p>Les liens hypertextes pr\u00e9sents sur ce site pointant vers des ressources externes ne sauraient engager la responsabilit\u00e9 de [Nom de votre soci\u00e9t\u00e9], notamment en ce qui concerne le contenu ou l\u2019accessibilit\u00e9 de ces ressources.<\/p>\n\n\n\n<p><strong>VI. H\u00c9BERGEMENT<\/strong><\/p>\n\n\n\n<p>Le site est h\u00e9berg\u00e9 par :<\/p>\n\n\n\n<p>&nbsp;&nbsp;&nbsp;\u2022&nbsp;&nbsp;&nbsp;&nbsp;&nbsp;&nbsp;<strong>Soci\u00e9t\u00e9<\/strong>&nbsp;: OVH<\/p>\n\n\n\n<p>&nbsp;&nbsp;&nbsp;\u2022&nbsp;&nbsp;&nbsp;&nbsp;&nbsp;&nbsp;<strong>Adresse<\/strong>&nbsp;:&nbsp;2 rue Kellermann \u2013 59100 Roubaix \u2013 France<\/p>\n\n\n\n<p>&nbsp;&nbsp;&nbsp;\u2022&nbsp;&nbsp;&nbsp;&nbsp;&nbsp;&nbsp;<strong>Site Web<\/strong>&nbsp;: [URL de l\u2019h\u00e9bergeur]<\/p>\n\n\n\n<p>\u2022&nbsp;&nbsp;&nbsp;&nbsp;&nbsp;&nbsp;&nbsp;T\u00e9l\u00e9phone : 1007<\/p>\n\n\n\n<p>&nbsp;&nbsp;\u2022&nbsp;&nbsp;&nbsp;&nbsp;&nbsp;&nbsp;&nbsp;&nbsp;Num\u00e9ro SIRET : 42476141900045<\/p>\n\n\n\n<p><strong>VII. ANALYSE DU TRAFIC<\/strong><\/p>\n\n\n\n<p>Ce site utilise Google Analytics ou un service similaire pour analyser le trafic. Ces services utilisent des cookies pour collecter des donn\u00e9es anonymis\u00e9es sur l\u2019utilisation du site. Ces donn\u00e9es peuvent \u00eatre transmises \u00e0 des serveurs situ\u00e9s dans d\u2019autres pays, y compris hors de l\u2019Union Europ\u00e9enne. Vous pouvez d\u00e9sactiver les cookies en modifiant les param\u00e8tres de votre navigateur.<\/p>\n\n\n\n<p><strong>VIII. LOI APPLICABLE<\/strong><\/p>\n\n\n\n<p>Le pr\u00e9sent site et ses mentions l\u00e9gales sont soumis \u00e0 la l\u00e9gislation fran\u00e7aise. Tout litige relatif \u00e0 l\u2019utilisation du site sera soumis \u00e0 la comp\u00e9tence exclusive des tribunaux fran\u00e7ais.<\/p>\n\n\n\n<p><strong>IX. CONCEPTION ET R\u00c9ALISATION DU SITE<\/strong><\/p>\n\n\n\n<p>Le pr\u00e9sent site a \u00e9t\u00e9 con\u00e7u et d\u00e9velopp\u00e9 par l\u2019agence de communication&nbsp;<strong>D\u00e9lit d\u2019influence<\/strong>, sp\u00e9cialis\u00e9e dans la cr\u00e9ation de sites Internet et le conseil strat\u00e9gique en communication.<\/p>\n\n\n\n<p><strong>Coordonn\u00e9es de l\u2019agence :<\/strong><\/p>\n\n\n\n<p>D\u00e9lit d\u2019influence<\/p>\n\n\n\n<p>14 Quai Messire Jacques<\/p>\n\n\n\n<p>18000 Bourges, France<\/p>\n\n\n\n<p>T\u00e9l\u00e9phone : +33 (0)2 48 66 60 10<\/p>\n\n\n\n<p>Email : contact@delit-dinfluence.fr<\/p>\n\n\n\n<p>Site web :&nbsp;<a href=\"https:\/\/www.delit-dinfluence.fr\/\">https:\/\/www.delit-dinfluence.fr<\/a><\/p>\n","protected":false},"excerpt":{"rendered":"<p>I. IDENTIT\u00c9 \u00a0\u00a0\u00a0\u2022\u00a0\u00a0\u00a0\u00a0\u00a0\u00a0Nom de la soci\u00e9t\u00e9\u00a0: HFSB &nbsp;&nbsp;&nbsp;\u2022&nbsp;&nbsp;&nbsp;&nbsp;&nbsp;&nbsp;Forme juridique&nbsp;: SARL \u00a0\u00a0\u00a0\u2022\u00a0\u00a0\u00a0\u00a0\u00a0\u00a0Capital social\u00a0: 18 500 \u20ac \u00a0\u00a0\u00a0\u2022\u00a0\u00a0\u00a0\u00a0\u00a0\u00a0Siret\u00a0: 82934309400035 \u00a0\u00a0\u00a0\u2022\u00a0\u00a0\u00a0\u00a0\u00a0\u00a0Adresse\u00a0: 73 ROUTE D\u2019ALLOGNY, 18110 SAINT-MARTIN-D&rsquo;AUXIGNY \u00a0\u00a0\u00a0\u2022\u00a0\u00a0\u00a0\u00a0\u00a0\u00a0T\u00e9l\u00e9phone\u00a0: 06 47 61 15 03 \u00a0\u00a0\u00a0\u2022\u00a0\u00a0\u00a0\u00a0\u00a0\u00a0Adresse email\u00a0: florent.jacques@hfsb.fr \u00a0\u00a0\u00a0\u2022\u00a0\u00a0\u00a0\u00a0\u00a0\u00a0Directeur de la publication\u00a0: Monsieur Florent JACQUES II. PROPRI\u00c9T\u00c9 INTELLECTUELLE La structure g\u00e9n\u00e9rale, ainsi que les textes, images, vid\u00e9os, logos, \u00e9l\u00e9ments graphiques et&#8230;<\/p>\n","protected":false},"author":1,"featured_media":21,"parent":0,"menu_order":0,"comment_status":"closed","ping_status":"closed","template":"wp-custom-template-prestation","meta":{"footnotes":""},"class_list":["post-629","page","type-page","status-publish","has-post-thumbnail","hentry"],"_links":{"self":[{"href":"http:\/\/wordpress1.delit-dinfluence.fr\/HFSB1\/wp-json\/wp\/v2\/pages\/629","targetHints":{"allow":["GET"]}}],"collection":[{"href":"http:\/\/wordpress1.delit-dinfluence.fr\/HFSB1\/wp-json\/wp\/v2\/pages"}],"about":[{"href":"http:\/\/wordpress1.delit-dinfluence.fr\/HFSB1\/wp-json\/wp\/v2\/types\/page"}],"author":[{"embeddable":true,"href":"http:\/\/wordpress1.delit-dinfluence.fr\/HFSB1\/wp-json\/wp\/v2\/users\/1"}],"replies":[{"embeddable":true,"href":"http:\/\/wordpress1.delit-dinfluence.fr\/HFSB1\/wp-json\/wp\/v2\/comments?post=629"}],"version-history":[{"count":1,"href":"http:\/\/wordpress1.delit-dinfluence.fr\/HFSB1\/wp-json\/wp\/v2\/pages\/629\/revisions"}],"predecessor-version":[{"id":630,"href":"http:\/\/wordpress1.delit-dinfluence.fr\/HFSB1\/wp-json\/wp\/v2\/pages\/629\/revisions\/630"}],"wp:featuredmedia":[{"embeddable":true,"href":"http:\/\/wordpress1.delit-dinfluence.fr\/HFSB1\/wp-json\/wp\/v2\/media\/21"}],"wp:attachment":[{"href":"http:\/\/wordpress1.delit-dinfluence.fr\/HFSB1\/wp-json\/wp\/v2\/media?parent=629"}],"curies":[{"name":"wp","href":"https:\/\/api.w.org\/{rel}","templated":true}]}}