{"id":526,"date":"2025-02-18T18:08:12","date_gmt":"2025-02-18T17:08:12","guid":{"rendered":"http:\/\/wordpress1.delit-dinfluence.fr\/HFSB1\/?page_id=526"},"modified":"2025-02-19T08:04:49","modified_gmt":"2025-02-19T07:04:49","slug":"location-2","status":"publish","type":"page","link":"http:\/\/wordpress1.delit-dinfluence.fr\/HFSB1\/location-2\/","title":{"rendered":"Location"},"content":{"rendered":"\n<h2 class=\"wp-block-heading\">Location de mat\u00e9riel professionnel <\/h2>\n\n\n\n<p><\/p>\n\n\n\n<p>Location de mat\u00e9riel son, \u00e9clairage, vid\u00e9o, sc\u00e8ne et structure.<\/p>\n\n\n\n<p>Demandez-nous conseil pour trouver ensemble la meilleure solution correspondant \u00e0 vos besoins.<\/p>\n\n\n\n<p>Voici une liste non exhaustive de notre gamme de location&nbsp;:<\/p>\n\n\n\n<p><\/p>\n\n\n\n<p><\/p>\n\n\n\n<p><\/p>\n\n\n\n<p><mark style=\"background-color:rgba(0, 0, 0, 0)\" class=\"has-inline-color has-border-color-color\">TESTE<\/mark><\/p>\n\n\n\n<p><\/p>\n\n\n\n<figure class=\"wp-block-gallery has-nested-images columns-default is-cropped wp-block-gallery-1 is-layout-flex wp-block-gallery-is-layout-flex\">\n<figure class=\"wp-block-image aligncenter size-large\"><img loading=\"lazy\" decoding=\"async\" width=\"600\" height=\"800\" data-id=\"546\" src=\"http:\/\/wordpress1.delit-dinfluence.fr\/HFSB1\/wp-content\/uploads\/sites\/8\/2025\/02\/GigBAR-2-RIGHT-included-2.jpg\" alt=\"\" class=\"wp-image-546\" srcset=\"http:\/\/wordpress1.delit-dinfluence.fr\/HFSB1\/wp-content\/uploads\/sites\/8\/2025\/02\/GigBAR-2-RIGHT-included-2.jpg 600w, http:\/\/wordpress1.delit-dinfluence.fr\/HFSB1\/wp-content\/uploads\/sites\/8\/2025\/02\/GigBAR-2-RIGHT-included-2-225x300.jpg 225w\" sizes=\"auto, (max-width: 600px) 100vw, 600px\" \/><figcaption class=\"wp-element-caption\"><mark style=\"background-color:rgba(0, 0, 0, 0)\" class=\"has-inline-color has-background-alt-color\">Jeux de lumi\u00e8re tout en un<\/mark><\/figcaption><\/figure>\n\n\n\n<figure class=\"wp-block-image size-large\"><img loading=\"lazy\" decoding=\"async\" width=\"306\" height=\"306\" data-id=\"481\" src=\"http:\/\/wordpress1.delit-dinfluence.fr\/HFSB1\/wp-content\/uploads\/sites\/8\/2025\/02\/q.png\" alt=\"\" class=\"wp-image-481\" srcset=\"http:\/\/wordpress1.delit-dinfluence.fr\/HFSB1\/wp-content\/uploads\/sites\/8\/2025\/02\/q.png 306w, http:\/\/wordpress1.delit-dinfluence.fr\/HFSB1\/wp-content\/uploads\/sites\/8\/2025\/02\/q-300x300.png 300w, http:\/\/wordpress1.delit-dinfluence.fr\/HFSB1\/wp-content\/uploads\/sites\/8\/2025\/02\/q-150x150.png 150w\" sizes=\"auto, (max-width: 306px) 100vw, 306px\" \/><figcaption class=\"wp-element-caption\"><mark style=\"background-color:rgba(0, 0, 0, 0)\" class=\"has-inline-color has-border-color-color\">Fuming\u00e8ne<\/mark><\/figcaption><\/figure>\n\n\n\n<figure class=\"wp-block-image size-large\"><img loading=\"lazy\" decoding=\"async\" width=\"318\" height=\"400\" data-id=\"213\" src=\"http:\/\/wordpress1.delit-dinfluence.fr\/HFSB1\/wp-content\/uploads\/sites\/8\/2024\/03\/Image-location-01.jpg\" alt=\"\" class=\"wp-image-213\" srcset=\"http:\/\/wordpress1.delit-dinfluence.fr\/HFSB1\/wp-content\/uploads\/sites\/8\/2024\/03\/Image-location-01.jpg 318w, http:\/\/wordpress1.delit-dinfluence.fr\/HFSB1\/wp-content\/uploads\/sites\/8\/2024\/03\/Image-location-01-239x300.jpg 239w\" sizes=\"auto, (max-width: 318px) 100vw, 318px\" \/><\/figure>\n\n\n\n<figure class=\"wp-block-image size-large\"><img loading=\"lazy\" decoding=\"async\" width=\"233\" height=\"233\" data-id=\"549\" src=\"http:\/\/wordpress1.delit-dinfluence.fr\/HFSB1\/wp-content\/uploads\/sites\/8\/2025\/02\/Sanqs-titre-1.png\" alt=\"\" class=\"wp-image-549\" srcset=\"http:\/\/wordpress1.delit-dinfluence.fr\/HFSB1\/wp-content\/uploads\/sites\/8\/2025\/02\/Sanqs-titre-1.png 233w, http:\/\/wordpress1.delit-dinfluence.fr\/HFSB1\/wp-content\/uploads\/sites\/8\/2025\/02\/Sanqs-titre-1-150x150.png 150w\" sizes=\"auto, (max-width: 233px) 100vw, 233px\" \/><figcaption class=\"wp-element-caption\"><mark style=\"background-color:rgba(0, 0, 0, 0)\" class=\"has-inline-color has-border-color-color\">Boule \u00e0 facette 60cm avec moteur<\/mark><\/figcaption><\/figure>\n\n\n\n<figure class=\"wp-block-image size-large\"><img loading=\"lazy\" decoding=\"async\" width=\"670\" height=\"495\" data-id=\"550\" src=\"http:\/\/wordpress1.delit-dinfluence.fr\/HFSB1\/wp-content\/uploads\/sites\/8\/2025\/02\/Sastre.png\" alt=\"\" class=\"wp-image-550\" srcset=\"http:\/\/wordpress1.delit-dinfluence.fr\/HFSB1\/wp-content\/uploads\/sites\/8\/2025\/02\/Sastre.png 670w, http:\/\/wordpress1.delit-dinfluence.fr\/HFSB1\/wp-content\/uploads\/sites\/8\/2025\/02\/Sastre-300x222.png 300w\" sizes=\"auto, (max-width: 670px) 100vw, 670px\" \/><figcaption class=\"wp-element-caption\"><mark style=\"background-color:rgba(0, 0, 0, 0)\" class=\"has-inline-color has-border-color-color\">Pinspot LED pour boule \u00e0 facette<\/mark><\/figcaption><\/figure>\n\n\n\n<figure class=\"wp-block-image size-large\"><img loading=\"lazy\" decoding=\"async\" width=\"879\" height=\"435\" data-id=\"551\" src=\"http:\/\/wordpress1.delit-dinfluence.fr\/HFSB1\/wp-content\/uploads\/sites\/8\/2025\/02\/Sans-tiddtre.png\" alt=\"\" class=\"wp-image-551\" srcset=\"http:\/\/wordpress1.delit-dinfluence.fr\/HFSB1\/wp-content\/uploads\/sites\/8\/2025\/02\/Sans-tiddtre.png 879w, http:\/\/wordpress1.delit-dinfluence.fr\/HFSB1\/wp-content\/uploads\/sites\/8\/2025\/02\/Sans-tiddtre-300x148.png 300w, http:\/\/wordpress1.delit-dinfluence.fr\/HFSB1\/wp-content\/uploads\/sites\/8\/2025\/02\/Sans-tiddtre-768x380.png 768w\" sizes=\"auto, (max-width: 879px) 100vw, 879px\" \/><figcaption class=\"wp-element-caption\"><mark style=\"background-color:rgba(0, 0, 0, 0)\" class=\"has-inline-color has-border-color-color\">R\u00e9gie DJ Pioneer CDJ 2000 nexus et DJM 900 nexus<\/mark><\/figcaption><\/figure>\n<\/figure>\n","protected":false},"excerpt":{"rendered":"<p>Location de mat\u00e9riel professionnel Location de mat\u00e9riel son, \u00e9clairage, vid\u00e9o, sc\u00e8ne et structure. Demandez-nous conseil pour trouver ensemble la meilleure solution correspondant \u00e0 vos besoins. Voici une liste non exhaustive de notre gamme de location&nbsp;: TESTE<\/p>\n","protected":false},"author":1,"featured_media":500,"parent":0,"menu_order":0,"comment_status":"closed","ping_status":"closed","template":"wp-custom-template-prestation-integration","meta":{"footnotes":""},"class_list":["post-526","page","type-page","status-publish","has-post-thumbnail","hentry"],"_links":{"self":[{"href":"http:\/\/wordpress1.delit-dinfluence.fr\/HFSB1\/wp-json\/wp\/v2\/pages\/526","targetHints":{"allow":["GET"]}}],"collection":[{"href":"http:\/\/wordpress1.delit-dinfluence.fr\/HFSB1\/wp-json\/wp\/v2\/pages"}],"about":[{"href":"http:\/\/wordpress1.delit-dinfluence.fr\/HFSB1\/wp-json\/wp\/v2\/types\/page"}],"author":[{"embeddable":true,"href":"http:\/\/wordpress1.delit-dinfluence.fr\/HFSB1\/wp-json\/wp\/v2\/users\/1"}],"replies":[{"embeddable":true,"href":"http:\/\/wordpress1.delit-dinfluence.fr\/HFSB1\/wp-json\/wp\/v2\/comments?post=526"}],"version-history":[{"count":19,"href":"http:\/\/wordpress1.delit-dinfluence.fr\/HFSB1\/wp-json\/wp\/v2\/pages\/526\/revisions"}],"predecessor-version":[{"id":573,"href":"http:\/\/wordpress1.delit-dinfluence.fr\/HFSB1\/wp-json\/wp\/v2\/pages\/526\/revisions\/573"}],"wp:featuredmedia":[{"embeddable":true,"href":"http:\/\/wordpress1.delit-dinfluence.fr\/HFSB1\/wp-json\/wp\/v2\/media\/500"}],"wp:attachment":[{"href":"http:\/\/wordpress1.delit-dinfluence.fr\/HFSB1\/wp-json\/wp\/v2\/media?parent=526"}],"curies":[{"name":"wp","href":"https:\/\/api.w.org\/{rel}","templated":true}]}}