{"id":288,"date":"2024-03-29T15:09:57","date_gmt":"2024-03-29T14:09:57","guid":{"rendered":"http:\/\/wordpress1.delit-dinfluence.fr\/HFSB1\/?page_id=288"},"modified":"2025-02-19T09:47:59","modified_gmt":"2025-02-19T08:47:59","slug":"festivals","status":"publish","type":"page","link":"http:\/\/wordpress1.delit-dinfluence.fr\/HFSB1\/festivals\/","title":{"rendered":"Festivals"},"content":{"rendered":"\n<p>Les festivals demandent une logistique technique robuste. Nous d\u00e9ployons des infrastructures sc\u00e9niques, des syst\u00e8mes de sonorisation et d\u2019\u00e9clairage adapt\u00e9s aux grandes affluences, garantissant une exp\u00e9rience immersive pour le public et les artistes.<\/p>\n\n\n\n<figure class=\"wp-block-gallery has-nested-images columns-default is-cropped wp-block-gallery-1 is-layout-flex wp-block-gallery-is-layout-flex\">\n<figure class=\"wp-block-image size-large\"><img loading=\"lazy\" decoding=\"async\" width=\"1024\" height=\"176\" data-id=\"611\" src=\"http:\/\/wordpress1.delit-dinfluence.fr\/HFSB1\/wp-content\/uploads\/sites\/8\/2025\/02\/DSC_0098_2-1024x176.jpg\" alt=\"\" class=\"wp-image-611\" srcset=\"http:\/\/wordpress1.delit-dinfluence.fr\/HFSB1\/wp-content\/uploads\/sites\/8\/2025\/02\/DSC_0098_2-1024x176.jpg 1024w, http:\/\/wordpress1.delit-dinfluence.fr\/HFSB1\/wp-content\/uploads\/sites\/8\/2025\/02\/DSC_0098_2-300x52.jpg 300w, http:\/\/wordpress1.delit-dinfluence.fr\/HFSB1\/wp-content\/uploads\/sites\/8\/2025\/02\/DSC_0098_2-768x132.jpg 768w, http:\/\/wordpress1.delit-dinfluence.fr\/HFSB1\/wp-content\/uploads\/sites\/8\/2025\/02\/DSC_0098_2-1536x264.jpg 1536w, http:\/\/wordpress1.delit-dinfluence.fr\/HFSB1\/wp-content\/uploads\/sites\/8\/2025\/02\/DSC_0098_2-2048x352.jpg 2048w\" sizes=\"auto, (max-width: 1024px) 100vw, 1024px\" \/><\/figure>\n\n\n\n<figure class=\"wp-block-image size-large\"><img loading=\"lazy\" decoding=\"async\" width=\"1024\" height=\"576\" data-id=\"616\" src=\"http:\/\/wordpress1.delit-dinfluence.fr\/HFSB1\/wp-content\/uploads\/sites\/8\/2025\/02\/DSC_1963-1024x576.jpg\" alt=\"\" class=\"wp-image-616\" srcset=\"http:\/\/wordpress1.delit-dinfluence.fr\/HFSB1\/wp-content\/uploads\/sites\/8\/2025\/02\/DSC_1963-1024x576.jpg 1024w, http:\/\/wordpress1.delit-dinfluence.fr\/HFSB1\/wp-content\/uploads\/sites\/8\/2025\/02\/DSC_1963-300x169.jpg 300w, http:\/\/wordpress1.delit-dinfluence.fr\/HFSB1\/wp-content\/uploads\/sites\/8\/2025\/02\/DSC_1963-768x432.jpg 768w, http:\/\/wordpress1.delit-dinfluence.fr\/HFSB1\/wp-content\/uploads\/sites\/8\/2025\/02\/DSC_1963-1536x864.jpg 1536w, http:\/\/wordpress1.delit-dinfluence.fr\/HFSB1\/wp-content\/uploads\/sites\/8\/2025\/02\/DSC_1963-2048x1152.jpg 2048w\" sizes=\"auto, (max-width: 1024px) 100vw, 1024px\" \/><\/figure>\n\n\n\n<figure class=\"wp-block-image size-large\"><img loading=\"lazy\" decoding=\"async\" width=\"1024\" height=\"576\" data-id=\"615\" src=\"http:\/\/wordpress1.delit-dinfluence.fr\/HFSB1\/wp-content\/uploads\/sites\/8\/2025\/02\/DSC_0291-1024x576.jpg\" alt=\"\" class=\"wp-image-615\" srcset=\"http:\/\/wordpress1.delit-dinfluence.fr\/HFSB1\/wp-content\/uploads\/sites\/8\/2025\/02\/DSC_0291-1024x576.jpg 1024w, http:\/\/wordpress1.delit-dinfluence.fr\/HFSB1\/wp-content\/uploads\/sites\/8\/2025\/02\/DSC_0291-300x169.jpg 300w, http:\/\/wordpress1.delit-dinfluence.fr\/HFSB1\/wp-content\/uploads\/sites\/8\/2025\/02\/DSC_0291-768x432.jpg 768w, http:\/\/wordpress1.delit-dinfluence.fr\/HFSB1\/wp-content\/uploads\/sites\/8\/2025\/02\/DSC_0291-1536x864.jpg 1536w, http:\/\/wordpress1.delit-dinfluence.fr\/HFSB1\/wp-content\/uploads\/sites\/8\/2025\/02\/DSC_0291-2048x1152.jpg 2048w\" sizes=\"auto, (max-width: 1024px) 100vw, 1024px\" \/><\/figure>\n\n\n\n<figure class=\"wp-block-image size-large\"><img loading=\"lazy\" decoding=\"async\" width=\"1024\" height=\"576\" data-id=\"614\" src=\"http:\/\/wordpress1.delit-dinfluence.fr\/HFSB1\/wp-content\/uploads\/sites\/8\/2025\/02\/DSC_0562-1024x576.jpg\" alt=\"\" class=\"wp-image-614\" srcset=\"http:\/\/wordpress1.delit-dinfluence.fr\/HFSB1\/wp-content\/uploads\/sites\/8\/2025\/02\/DSC_0562-1024x576.jpg 1024w, http:\/\/wordpress1.delit-dinfluence.fr\/HFSB1\/wp-content\/uploads\/sites\/8\/2025\/02\/DSC_0562-300x169.jpg 300w, http:\/\/wordpress1.delit-dinfluence.fr\/HFSB1\/wp-content\/uploads\/sites\/8\/2025\/02\/DSC_0562-768x432.jpg 768w, http:\/\/wordpress1.delit-dinfluence.fr\/HFSB1\/wp-content\/uploads\/sites\/8\/2025\/02\/DSC_0562-1536x864.jpg 1536w, http:\/\/wordpress1.delit-dinfluence.fr\/HFSB1\/wp-content\/uploads\/sites\/8\/2025\/02\/DSC_0562-2048x1152.jpg 2048w\" sizes=\"auto, (max-width: 1024px) 100vw, 1024px\" \/><\/figure>\n\n\n\n<figure class=\"wp-block-image size-large\"><img loading=\"lazy\" decoding=\"async\" width=\"1024\" height=\"576\" data-id=\"610\" src=\"http:\/\/wordpress1.delit-dinfluence.fr\/HFSB1\/wp-content\/uploads\/sites\/8\/2025\/02\/DSC_0099_2-1024x576.jpg\" alt=\"\" class=\"wp-image-610\" srcset=\"http:\/\/wordpress1.delit-dinfluence.fr\/HFSB1\/wp-content\/uploads\/sites\/8\/2025\/02\/DSC_0099_2-1024x576.jpg 1024w, http:\/\/wordpress1.delit-dinfluence.fr\/HFSB1\/wp-content\/uploads\/sites\/8\/2025\/02\/DSC_0099_2-300x169.jpg 300w, http:\/\/wordpress1.delit-dinfluence.fr\/HFSB1\/wp-content\/uploads\/sites\/8\/2025\/02\/DSC_0099_2-768x432.jpg 768w, http:\/\/wordpress1.delit-dinfluence.fr\/HFSB1\/wp-content\/uploads\/sites\/8\/2025\/02\/DSC_0099_2-1536x864.jpg 1536w, http:\/\/wordpress1.delit-dinfluence.fr\/HFSB1\/wp-content\/uploads\/sites\/8\/2025\/02\/DSC_0099_2-2048x1152.jpg 2048w\" sizes=\"auto, (max-width: 1024px) 100vw, 1024px\" \/><\/figure>\n\n\n\n<figure class=\"wp-block-image size-large\"><img loading=\"lazy\" decoding=\"async\" width=\"1024\" height=\"576\" data-id=\"608\" src=\"http:\/\/wordpress1.delit-dinfluence.fr\/HFSB1\/wp-content\/uploads\/sites\/8\/2025\/02\/DSC_0078_3-1024x576.jpg\" alt=\"\" class=\"wp-image-608\" srcset=\"http:\/\/wordpress1.delit-dinfluence.fr\/HFSB1\/wp-content\/uploads\/sites\/8\/2025\/02\/DSC_0078_3-1024x576.jpg 1024w, http:\/\/wordpress1.delit-dinfluence.fr\/HFSB1\/wp-content\/uploads\/sites\/8\/2025\/02\/DSC_0078_3-300x169.jpg 300w, http:\/\/wordpress1.delit-dinfluence.fr\/HFSB1\/wp-content\/uploads\/sites\/8\/2025\/02\/DSC_0078_3-768x432.jpg 768w, http:\/\/wordpress1.delit-dinfluence.fr\/HFSB1\/wp-content\/uploads\/sites\/8\/2025\/02\/DSC_0078_3-1536x864.jpg 1536w, http:\/\/wordpress1.delit-dinfluence.fr\/HFSB1\/wp-content\/uploads\/sites\/8\/2025\/02\/DSC_0078_3.jpg 2000w\" sizes=\"auto, (max-width: 1024px) 100vw, 1024px\" \/><\/figure>\n\n\n\n<figure class=\"wp-block-image size-large\"><img loading=\"lazy\" decoding=\"async\" width=\"1024\" height=\"576\" data-id=\"609\" src=\"http:\/\/wordpress1.delit-dinfluence.fr\/HFSB1\/wp-content\/uploads\/sites\/8\/2025\/02\/DSC_0093_1-1024x576.jpg\" alt=\"\" class=\"wp-image-609\" srcset=\"http:\/\/wordpress1.delit-dinfluence.fr\/HFSB1\/wp-content\/uploads\/sites\/8\/2025\/02\/DSC_0093_1-1024x576.jpg 1024w, http:\/\/wordpress1.delit-dinfluence.fr\/HFSB1\/wp-content\/uploads\/sites\/8\/2025\/02\/DSC_0093_1-300x169.jpg 300w, http:\/\/wordpress1.delit-dinfluence.fr\/HFSB1\/wp-content\/uploads\/sites\/8\/2025\/02\/DSC_0093_1-768x432.jpg 768w, http:\/\/wordpress1.delit-dinfluence.fr\/HFSB1\/wp-content\/uploads\/sites\/8\/2025\/02\/DSC_0093_1-1536x864.jpg 1536w, http:\/\/wordpress1.delit-dinfluence.fr\/HFSB1\/wp-content\/uploads\/sites\/8\/2025\/02\/DSC_0093_1-2048x1152.jpg 2048w\" sizes=\"auto, (max-width: 1024px) 100vw, 1024px\" \/><\/figure>\n\n\n\n<figure class=\"wp-block-image size-large\"><img loading=\"lazy\" decoding=\"async\" width=\"576\" height=\"1024\" data-id=\"607\" src=\"http:\/\/wordpress1.delit-dinfluence.fr\/HFSB1\/wp-content\/uploads\/sites\/8\/2025\/02\/DSC_0001_3-576x1024.jpg\" alt=\"\" class=\"wp-image-607\" srcset=\"http:\/\/wordpress1.delit-dinfluence.fr\/HFSB1\/wp-content\/uploads\/sites\/8\/2025\/02\/DSC_0001_3-576x1024.jpg 576w, http:\/\/wordpress1.delit-dinfluence.fr\/HFSB1\/wp-content\/uploads\/sites\/8\/2025\/02\/DSC_0001_3-169x300.jpg 169w, http:\/\/wordpress1.delit-dinfluence.fr\/HFSB1\/wp-content\/uploads\/sites\/8\/2025\/02\/DSC_0001_3-768x1365.jpg 768w, http:\/\/wordpress1.delit-dinfluence.fr\/HFSB1\/wp-content\/uploads\/sites\/8\/2025\/02\/DSC_0001_3-864x1536.jpg 864w, http:\/\/wordpress1.delit-dinfluence.fr\/HFSB1\/wp-content\/uploads\/sites\/8\/2025\/02\/DSC_0001_3.jpg 1045w\" sizes=\"auto, (max-width: 576px) 100vw, 576px\" \/><\/figure>\n<\/figure>\n","protected":false},"excerpt":{"rendered":"<p>Les festivals demandent une logistique technique robuste. Nous d\u00e9ployons des infrastructures sc\u00e9niques, des syst\u00e8mes de sonorisation et d\u2019\u00e9clairage adapt\u00e9s aux grandes affluences, garantissant une exp\u00e9rience immersive pour le public et les artistes.<\/p>\n","protected":false},"author":1,"featured_media":235,"parent":0,"menu_order":0,"comment_status":"closed","ping_status":"closed","template":"wp-custom-template-evenement","meta":{"footnotes":""},"class_list":["post-288","page","type-page","status-publish","has-post-thumbnail","hentry"],"_links":{"self":[{"href":"http:\/\/wordpress1.delit-dinfluence.fr\/HFSB1\/wp-json\/wp\/v2\/pages\/288","targetHints":{"allow":["GET"]}}],"collection":[{"href":"http:\/\/wordpress1.delit-dinfluence.fr\/HFSB1\/wp-json\/wp\/v2\/pages"}],"about":[{"href":"http:\/\/wordpress1.delit-dinfluence.fr\/HFSB1\/wp-json\/wp\/v2\/types\/page"}],"author":[{"embeddable":true,"href":"http:\/\/wordpress1.delit-dinfluence.fr\/HFSB1\/wp-json\/wp\/v2\/users\/1"}],"replies":[{"embeddable":true,"href":"http:\/\/wordpress1.delit-dinfluence.fr\/HFSB1\/wp-json\/wp\/v2\/comments?post=288"}],"version-history":[{"count":4,"href":"http:\/\/wordpress1.delit-dinfluence.fr\/HFSB1\/wp-json\/wp\/v2\/pages\/288\/revisions"}],"predecessor-version":[{"id":619,"href":"http:\/\/wordpress1.delit-dinfluence.fr\/HFSB1\/wp-json\/wp\/v2\/pages\/288\/revisions\/619"}],"wp:featuredmedia":[{"embeddable":true,"href":"http:\/\/wordpress1.delit-dinfluence.fr\/HFSB1\/wp-json\/wp\/v2\/media\/235"}],"wp:attachment":[{"href":"http:\/\/wordpress1.delit-dinfluence.fr\/HFSB1\/wp-json\/wp\/v2\/media?parent=288"}],"curies":[{"name":"wp","href":"https:\/\/api.w.org\/{rel}","templated":true}]}}