{"id":275,"date":"2024-03-29T14:14:32","date_gmt":"2024-03-29T13:14:32","guid":{"rendered":"http:\/\/wordpress1.delit-dinfluence.fr\/HFSB1\/?page_id=275"},"modified":"2025-02-19T09:30:10","modified_gmt":"2025-02-19T08:30:10","slug":"inaugurations","status":"publish","type":"page","link":"http:\/\/wordpress1.delit-dinfluence.fr\/HFSB1\/inaugurations\/","title":{"rendered":"Inaugurations"},"content":{"rendered":"\n<p>Les inaugurations m\u00e9ritent une mise en sc\u00e8ne soign\u00e9e. Nous assurons la mise en lumi\u00e8re, la diffusion sonore et la captation vid\u00e9o pour offrir une ambiance immersive et professionnelle, adapt\u00e9e \u00e0 l\u2019image de votre entreprise ou institution.<\/p>\n\n\n\n<figure class=\"wp-block-gallery has-nested-images columns-default is-cropped wp-block-gallery-1 is-layout-flex wp-block-gallery-is-layout-flex\">\n<figure class=\"wp-block-image size-large\"><img loading=\"lazy\" decoding=\"async\" width=\"1024\" height=\"768\" data-id=\"595\" src=\"http:\/\/wordpress1.delit-dinfluence.fr\/HFSB1\/wp-content\/uploads\/sites\/8\/2025\/02\/89925415_2435855053391402_5971195553051049984_n-1024x768.jpg\" alt=\"\" class=\"wp-image-595\" srcset=\"http:\/\/wordpress1.delit-dinfluence.fr\/HFSB1\/wp-content\/uploads\/sites\/8\/2025\/02\/89925415_2435855053391402_5971195553051049984_n-1024x768.jpg 1024w, http:\/\/wordpress1.delit-dinfluence.fr\/HFSB1\/wp-content\/uploads\/sites\/8\/2025\/02\/89925415_2435855053391402_5971195553051049984_n-300x225.jpg 300w, http:\/\/wordpress1.delit-dinfluence.fr\/HFSB1\/wp-content\/uploads\/sites\/8\/2025\/02\/89925415_2435855053391402_5971195553051049984_n-768x576.jpg 768w, http:\/\/wordpress1.delit-dinfluence.fr\/HFSB1\/wp-content\/uploads\/sites\/8\/2025\/02\/89925415_2435855053391402_5971195553051049984_n-1536x1152.jpg 1536w, http:\/\/wordpress1.delit-dinfluence.fr\/HFSB1\/wp-content\/uploads\/sites\/8\/2025\/02\/89925415_2435855053391402_5971195553051049984_n-2048x1536.jpg 2048w\" sizes=\"auto, (max-width: 1024px) 100vw, 1024px\" \/><\/figure>\n\n\n\n<figure class=\"wp-block-image size-large\"><img loading=\"lazy\" decoding=\"async\" width=\"1024\" height=\"768\" data-id=\"597\" src=\"http:\/\/wordpress1.delit-dinfluence.fr\/HFSB1\/wp-content\/uploads\/sites\/8\/2025\/02\/89787666_804478680050329_1588996315923087360_n-1024x768.jpg\" alt=\"\" class=\"wp-image-597\" srcset=\"http:\/\/wordpress1.delit-dinfluence.fr\/HFSB1\/wp-content\/uploads\/sites\/8\/2025\/02\/89787666_804478680050329_1588996315923087360_n-1024x768.jpg 1024w, http:\/\/wordpress1.delit-dinfluence.fr\/HFSB1\/wp-content\/uploads\/sites\/8\/2025\/02\/89787666_804478680050329_1588996315923087360_n-300x225.jpg 300w, http:\/\/wordpress1.delit-dinfluence.fr\/HFSB1\/wp-content\/uploads\/sites\/8\/2025\/02\/89787666_804478680050329_1588996315923087360_n-768x576.jpg 768w, http:\/\/wordpress1.delit-dinfluence.fr\/HFSB1\/wp-content\/uploads\/sites\/8\/2025\/02\/89787666_804478680050329_1588996315923087360_n-1536x1152.jpg 1536w, http:\/\/wordpress1.delit-dinfluence.fr\/HFSB1\/wp-content\/uploads\/sites\/8\/2025\/02\/89787666_804478680050329_1588996315923087360_n-2048x1536.jpg 2048w\" sizes=\"auto, (max-width: 1024px) 100vw, 1024px\" \/><\/figure>\n\n\n\n<figure class=\"wp-block-image size-large\"><img loading=\"lazy\" decoding=\"async\" width=\"1024\" height=\"768\" data-id=\"596\" src=\"http:\/\/wordpress1.delit-dinfluence.fr\/HFSB1\/wp-content\/uploads\/sites\/8\/2025\/02\/89158089_610619176458157_870085452760088576_n-1024x768.jpg\" alt=\"\" class=\"wp-image-596\" srcset=\"http:\/\/wordpress1.delit-dinfluence.fr\/HFSB1\/wp-content\/uploads\/sites\/8\/2025\/02\/89158089_610619176458157_870085452760088576_n-1024x768.jpg 1024w, http:\/\/wordpress1.delit-dinfluence.fr\/HFSB1\/wp-content\/uploads\/sites\/8\/2025\/02\/89158089_610619176458157_870085452760088576_n-300x225.jpg 300w, http:\/\/wordpress1.delit-dinfluence.fr\/HFSB1\/wp-content\/uploads\/sites\/8\/2025\/02\/89158089_610619176458157_870085452760088576_n-768x576.jpg 768w, http:\/\/wordpress1.delit-dinfluence.fr\/HFSB1\/wp-content\/uploads\/sites\/8\/2025\/02\/89158089_610619176458157_870085452760088576_n-1536x1152.jpg 1536w, http:\/\/wordpress1.delit-dinfluence.fr\/HFSB1\/wp-content\/uploads\/sites\/8\/2025\/02\/89158089_610619176458157_870085452760088576_n-2048x1536.jpg 2048w\" sizes=\"auto, (max-width: 1024px) 100vw, 1024px\" \/><\/figure>\n\n\n\n<figure class=\"wp-block-image size-large\"><img loading=\"lazy\" decoding=\"async\" width=\"768\" height=\"1024\" data-id=\"598\" src=\"http:\/\/wordpress1.delit-dinfluence.fr\/HFSB1\/wp-content\/uploads\/sites\/8\/2025\/02\/89800008_1413871252155782_7096586673772822528_n-768x1024.jpg\" alt=\"\" class=\"wp-image-598\" srcset=\"http:\/\/wordpress1.delit-dinfluence.fr\/HFSB1\/wp-content\/uploads\/sites\/8\/2025\/02\/89800008_1413871252155782_7096586673772822528_n-768x1024.jpg 768w, http:\/\/wordpress1.delit-dinfluence.fr\/HFSB1\/wp-content\/uploads\/sites\/8\/2025\/02\/89800008_1413871252155782_7096586673772822528_n-225x300.jpg 225w, http:\/\/wordpress1.delit-dinfluence.fr\/HFSB1\/wp-content\/uploads\/sites\/8\/2025\/02\/89800008_1413871252155782_7096586673772822528_n-1152x1536.jpg 1152w, http:\/\/wordpress1.delit-dinfluence.fr\/HFSB1\/wp-content\/uploads\/sites\/8\/2025\/02\/89800008_1413871252155782_7096586673772822528_n.jpg 1500w\" sizes=\"auto, (max-width: 768px) 100vw, 768px\" \/><\/figure>\n<\/figure>\n","protected":false},"excerpt":{"rendered":"<p>Les inaugurations m\u00e9ritent une mise en sc\u00e8ne soign\u00e9e. Nous assurons la mise en lumi\u00e8re, la diffusion sonore et la captation vid\u00e9o pour offrir une ambiance immersive et professionnelle, adapt\u00e9e \u00e0 l\u2019image de votre entreprise ou institution.<\/p>\n","protected":false},"author":1,"featured_media":23,"parent":0,"menu_order":0,"comment_status":"closed","ping_status":"closed","template":"wp-custom-template-evenement","meta":{"footnotes":""},"class_list":["post-275","page","type-page","status-publish","has-post-thumbnail","hentry"],"_links":{"self":[{"href":"http:\/\/wordpress1.delit-dinfluence.fr\/HFSB1\/wp-json\/wp\/v2\/pages\/275","targetHints":{"allow":["GET"]}}],"collection":[{"href":"http:\/\/wordpress1.delit-dinfluence.fr\/HFSB1\/wp-json\/wp\/v2\/pages"}],"about":[{"href":"http:\/\/wordpress1.delit-dinfluence.fr\/HFSB1\/wp-json\/wp\/v2\/types\/page"}],"author":[{"embeddable":true,"href":"http:\/\/wordpress1.delit-dinfluence.fr\/HFSB1\/wp-json\/wp\/v2\/users\/1"}],"replies":[{"embeddable":true,"href":"http:\/\/wordpress1.delit-dinfluence.fr\/HFSB1\/wp-json\/wp\/v2\/comments?post=275"}],"version-history":[{"count":5,"href":"http:\/\/wordpress1.delit-dinfluence.fr\/HFSB1\/wp-json\/wp\/v2\/pages\/275\/revisions"}],"predecessor-version":[{"id":599,"href":"http:\/\/wordpress1.delit-dinfluence.fr\/HFSB1\/wp-json\/wp\/v2\/pages\/275\/revisions\/599"}],"wp:featuredmedia":[{"embeddable":true,"href":"http:\/\/wordpress1.delit-dinfluence.fr\/HFSB1\/wp-json\/wp\/v2\/media\/23"}],"wp:attachment":[{"href":"http:\/\/wordpress1.delit-dinfluence.fr\/HFSB1\/wp-json\/wp\/v2\/media?parent=275"}],"curies":[{"name":"wp","href":"https:\/\/api.w.org\/{rel}","templated":true}]}}