{"id":250,"date":"2024-03-29T10:49:13","date_gmt":"2024-03-29T09:49:13","guid":{"rendered":"http:\/\/wordpress1.delit-dinfluence.fr\/HFSB1\/?page_id=250"},"modified":"2025-02-19T08:48:48","modified_gmt":"2025-02-19T07:48:48","slug":"evenements","status":"publish","type":"page","link":"http:\/\/wordpress1.delit-dinfluence.fr\/HFSB1\/evenements\/","title":{"rendered":"\u00c9v\u00e9nements"},"content":{"rendered":"\n<p>Que ce soit pour un s\u00e9minaire, une conf\u00e9rence, un lancement de produit ou un gala, nous fournissons des solutions techniques cl\u00e9 en main. Sonorisation, mise en lumi\u00e8re et diffusion vid\u00e9o sont pens\u00e9es pour garantir un \u00e9v\u00e9nement fluide et impactant.<\/p>\n\n\n\n<h2 class=\"wp-block-heading\">Chambords<\/h2>\n\n\n\n<figure class=\"wp-block-gallery has-nested-images columns-default is-cropped wp-block-gallery-1 is-layout-flex wp-block-gallery-is-layout-flex\">\n<figure class=\"wp-block-image size-large\"><img loading=\"lazy\" decoding=\"async\" width=\"1024\" height=\"576\" data-id=\"255\" src=\"http:\/\/wordpress1.delit-dinfluence.fr\/HFSB1\/wp-content\/uploads\/sites\/8\/2024\/03\/DSC_0409-1-1024x576.jpg\" alt=\"\" class=\"wp-image-255\" srcset=\"http:\/\/wordpress1.delit-dinfluence.fr\/HFSB1\/wp-content\/uploads\/sites\/8\/2024\/03\/DSC_0409-1-1024x576.jpg 1024w, http:\/\/wordpress1.delit-dinfluence.fr\/HFSB1\/wp-content\/uploads\/sites\/8\/2024\/03\/DSC_0409-1-300x169.jpg 300w, http:\/\/wordpress1.delit-dinfluence.fr\/HFSB1\/wp-content\/uploads\/sites\/8\/2024\/03\/DSC_0409-1-768x432.jpg 768w, http:\/\/wordpress1.delit-dinfluence.fr\/HFSB1\/wp-content\/uploads\/sites\/8\/2024\/03\/DSC_0409-1-1536x864.jpg 1536w, http:\/\/wordpress1.delit-dinfluence.fr\/HFSB1\/wp-content\/uploads\/sites\/8\/2024\/03\/DSC_0409-1.jpg 1920w\" sizes=\"auto, (max-width: 1024px) 100vw, 1024px\" \/><\/figure>\n\n\n\n<figure class=\"wp-block-image size-large\"><img loading=\"lazy\" decoding=\"async\" width=\"768\" height=\"1024\" data-id=\"263\" src=\"http:\/\/wordpress1.delit-dinfluence.fr\/HFSB1\/wp-content\/uploads\/sites\/8\/2024\/03\/DSC_0410-e1711708364541-edited-768x1024.jpg\" alt=\"\" class=\"wp-image-263\" srcset=\"http:\/\/wordpress1.delit-dinfluence.fr\/HFSB1\/wp-content\/uploads\/sites\/8\/2024\/03\/DSC_0410-e1711708364541-edited-768x1024.jpg 768w, http:\/\/wordpress1.delit-dinfluence.fr\/HFSB1\/wp-content\/uploads\/sites\/8\/2024\/03\/DSC_0410-e1711708364541-edited-225x300.jpg 225w, http:\/\/wordpress1.delit-dinfluence.fr\/HFSB1\/wp-content\/uploads\/sites\/8\/2024\/03\/DSC_0410-e1711708364541-edited.jpg 1080w\" sizes=\"auto, (max-width: 768px) 100vw, 768px\" \/><\/figure>\n\n\n\n<figure class=\"wp-block-image size-large\"><img loading=\"lazy\" decoding=\"async\" width=\"1024\" height=\"576\" data-id=\"254\" src=\"http:\/\/wordpress1.delit-dinfluence.fr\/HFSB1\/wp-content\/uploads\/sites\/8\/2024\/03\/DSC_0407-1024x576.jpg\" alt=\"\" class=\"wp-image-254\" srcset=\"http:\/\/wordpress1.delit-dinfluence.fr\/HFSB1\/wp-content\/uploads\/sites\/8\/2024\/03\/DSC_0407-1024x576.jpg 1024w, http:\/\/wordpress1.delit-dinfluence.fr\/HFSB1\/wp-content\/uploads\/sites\/8\/2024\/03\/DSC_0407-300x169.jpg 300w, http:\/\/wordpress1.delit-dinfluence.fr\/HFSB1\/wp-content\/uploads\/sites\/8\/2024\/03\/DSC_0407-768x432.jpg 768w, http:\/\/wordpress1.delit-dinfluence.fr\/HFSB1\/wp-content\/uploads\/sites\/8\/2024\/03\/DSC_0407-1536x864.jpg 1536w, http:\/\/wordpress1.delit-dinfluence.fr\/HFSB1\/wp-content\/uploads\/sites\/8\/2024\/03\/DSC_0407.jpg 1920w\" sizes=\"auto, (max-width: 1024px) 100vw, 1024px\" \/><\/figure>\n<\/figure>\n\n\n\n<p><strong>Mise en lumi\u00e8re et sc\u00e9nographie sonore : une exp\u00e9rience immersive \u00e0 Chambord<\/strong><\/p>\n\n\n\n<p>Chez&nbsp;<strong>HFSB<\/strong>, nous avons eu l\u2019honneur d\u2019illuminer et de sonoriser le&nbsp;<strong>ch\u00e2teau de Chambord<\/strong>&nbsp;\u00e0 plusieurs reprises, un lieu embl\u00e9matique au patrimoine majestueux. Ce monument historique, avec ses multiples niveaux et son architecture unique, nous a permis de concevoir une v\u00e9ritable&nbsp;<strong>sc\u00e9nographie immersive<\/strong>, alliant son et lumi\u00e8re pour une exp\u00e9rience hors du commun.<\/p>\n\n\n\n<p>Derni\u00e8rement, en collaboration avec une&nbsp;l\u2019<strong>agence d\u00e9lit d\u2019influence<\/strong>, nous avons imagin\u00e9 un parcours sensoriel \u00e9volutif \u00e0 travers les diff\u00e9rentes \u00e9poques, transformant chaque \u00e9tage en un univers distinct :<\/p>\n\n\n\n<p>\ud83d\udd39&nbsp;<strong>Rez-de-chauss\u00e9e : l\u2019\u00e9l\u00e9gance de la Renaissance<\/strong><\/p>\n\n\n\n<p>D\u00e8s l\u2019entr\u00e9e, les invit\u00e9s \u00e9taient plong\u00e9s dans une ambiance Renaissance, avec une mise en lumi\u00e8re chaleureuse et authentique. La musique classique r\u00e9sonnait \u00e0 travers les vastes salles, accompagn\u00e9e de&nbsp;<strong>costumes d\u2019\u00e9poque, d\u2019un buffet raffin\u00e9 et d\u2019une sc\u00e9nographie fid\u00e8le aux grandes festivit\u00e9s du XVIe si\u00e8cle<\/strong>.<\/p>\n\n\n\n<p>\ud83d\udd39&nbsp;<strong>\u00c9tages interm\u00e9diaires : un voyage \u00e0 travers le temps<\/strong><\/p>\n\n\n\n<p>\u00c0 chaque niveau, l\u2019ambiance \u00e9voluait subtilement, passant par diff\u00e9rentes \u00e9poques musicales et visuelles. Chaque espace b\u00e9n\u00e9ficiait de&nbsp;<strong>sa propre sonorisation<\/strong>, anim\u00e9e soit par un groupe de musique live, soit par un DJ cr\u00e9ant une atmosph\u00e8re en parfaite harmonie avec l\u2019univers du lieu.<\/p>\n\n\n\n<p>\ud83d\udd39&nbsp;<strong>Terrasse : une vision futuriste<\/strong><\/p>\n\n\n\n<p>Au sommet du ch\u00e2teau, la sc\u00e9nographie atteignait son apog\u00e9e avec un univers r\u00e9solument tourn\u00e9 vers le futur.&nbsp;<strong>Un jeu de lumi\u00e8res dynamique<\/strong>, inspir\u00e9 des technologies contemporaines, venait sublimer l\u2019architecture et offrir un contraste saisissant avec les espaces pr\u00e9c\u00e9dents. Accompagn\u00e9e de&nbsp;<strong>musique \u00e9lectronique et d\u2019une sc\u00e9nographie lumineuse avant-gardiste<\/strong>, cette derni\u00e8re \u00e9tape transportait les invit\u00e9s dans une exp\u00e9rience immersive et audacieuse.<\/p>\n\n\n\n<p>Gr\u00e2ce \u00e0 notre ma\u00eetrise des contraintes acoustiques et architecturales, nous avons su r\u00e9v\u00e9ler&nbsp;<strong>toute la splendeur de Chambord<\/strong>, en sublimant ses volumes et en cr\u00e9ant une ambiance \u00e9volutive et captivante.&nbsp;<strong>HFSB<\/strong>, c\u2019est l\u2019alliance du son et de la lumi\u00e8re au service des plus beaux \u00e9v\u00e9nements.<\/p>\n\n\n\n<h2 class=\"wp-block-heading\">\u00c9clairage<\/h2>\n\n\n\n<figure class=\"wp-block-gallery has-nested-images columns-default is-cropped wp-block-gallery-2 is-layout-flex wp-block-gallery-is-layout-flex\">\n<figure class=\"wp-block-image size-large\"><img loading=\"lazy\" decoding=\"async\" width=\"1024\" height=\"576\" data-id=\"265\" src=\"http:\/\/wordpress1.delit-dinfluence.fr\/HFSB1\/wp-content\/uploads\/sites\/8\/2024\/03\/DSC_1755-1024x576.jpg\" alt=\"\" class=\"wp-image-265\" srcset=\"http:\/\/wordpress1.delit-dinfluence.fr\/HFSB1\/wp-content\/uploads\/sites\/8\/2024\/03\/DSC_1755-1024x576.jpg 1024w, http:\/\/wordpress1.delit-dinfluence.fr\/HFSB1\/wp-content\/uploads\/sites\/8\/2024\/03\/DSC_1755-300x169.jpg 300w, http:\/\/wordpress1.delit-dinfluence.fr\/HFSB1\/wp-content\/uploads\/sites\/8\/2024\/03\/DSC_1755-768x432.jpg 768w, http:\/\/wordpress1.delit-dinfluence.fr\/HFSB1\/wp-content\/uploads\/sites\/8\/2024\/03\/DSC_1755-1536x864.jpg 1536w, http:\/\/wordpress1.delit-dinfluence.fr\/HFSB1\/wp-content\/uploads\/sites\/8\/2024\/03\/DSC_1755.jpg 1919w\" sizes=\"auto, (max-width: 1024px) 100vw, 1024px\" \/><\/figure>\n\n\n\n<figure class=\"wp-block-image size-large\"><img loading=\"lazy\" decoding=\"async\" width=\"1024\" height=\"576\" data-id=\"267\" src=\"http:\/\/wordpress1.delit-dinfluence.fr\/HFSB1\/wp-content\/uploads\/sites\/8\/2024\/03\/IMG_3421-1024x576.jpg\" alt=\"\" class=\"wp-image-267\" srcset=\"http:\/\/wordpress1.delit-dinfluence.fr\/HFSB1\/wp-content\/uploads\/sites\/8\/2024\/03\/IMG_3421-1024x576.jpg 1024w, http:\/\/wordpress1.delit-dinfluence.fr\/HFSB1\/wp-content\/uploads\/sites\/8\/2024\/03\/IMG_3421-300x169.jpg 300w, http:\/\/wordpress1.delit-dinfluence.fr\/HFSB1\/wp-content\/uploads\/sites\/8\/2024\/03\/IMG_3421-768x432.jpg 768w, http:\/\/wordpress1.delit-dinfluence.fr\/HFSB1\/wp-content\/uploads\/sites\/8\/2024\/03\/IMG_3421-1536x864.jpg 1536w, http:\/\/wordpress1.delit-dinfluence.fr\/HFSB1\/wp-content\/uploads\/sites\/8\/2024\/03\/IMG_3421.jpg 1920w\" sizes=\"auto, (max-width: 1024px) 100vw, 1024px\" \/><\/figure>\n\n\n\n<figure class=\"wp-block-image size-large\"><img loading=\"lazy\" decoding=\"async\" width=\"1024\" height=\"576\" data-id=\"266\" src=\"http:\/\/wordpress1.delit-dinfluence.fr\/HFSB1\/wp-content\/uploads\/sites\/8\/2024\/03\/DSC_1765-1024x576.jpg\" alt=\"\" class=\"wp-image-266\" srcset=\"http:\/\/wordpress1.delit-dinfluence.fr\/HFSB1\/wp-content\/uploads\/sites\/8\/2024\/03\/DSC_1765-1024x576.jpg 1024w, http:\/\/wordpress1.delit-dinfluence.fr\/HFSB1\/wp-content\/uploads\/sites\/8\/2024\/03\/DSC_1765-300x169.jpg 300w, http:\/\/wordpress1.delit-dinfluence.fr\/HFSB1\/wp-content\/uploads\/sites\/8\/2024\/03\/DSC_1765-768x432.jpg 768w, http:\/\/wordpress1.delit-dinfluence.fr\/HFSB1\/wp-content\/uploads\/sites\/8\/2024\/03\/DSC_1765-1536x864.jpg 1536w, http:\/\/wordpress1.delit-dinfluence.fr\/HFSB1\/wp-content\/uploads\/sites\/8\/2024\/03\/DSC_1765.jpg 1919w\" sizes=\"auto, (max-width: 1024px) 100vw, 1024px\" \/><\/figure>\n<\/figure>\n\n\n\n<p><strong>Sublimer l\u2019int\u00e9rieur comme l\u2019ext\u00e9rieur<\/strong><\/p>\n\n\n\n<p>Chez\u00a0<strong>HFSB<\/strong>, notre expertise ne s\u2019arr\u00eate pas aux espaces int\u00e9rieurs. Nous mettons \u00e9galement en lumi\u00e8re\u00a0<strong>les fa\u00e7ades, les jardins et les parcs<\/strong>\u00a0pour r\u00e9v\u00e9ler toute la beaut\u00e9 des lieux d\u2019exception. Gr\u00e2ce \u00e0 des jeux de lumi\u00e8re subtils et des mises en sc\u00e8ne soign\u00e9es, nous transformons\u00a0<strong>les ext\u00e9rieurs en v\u00e9ritables d\u00e9cors vivants<\/strong>, cr\u00e9ant une atmosph\u00e8re immersive et \u00e9l\u00e9gante, fid\u00e8le \u00e0 l\u2019\u00e2me du site.<\/p>\n\n\n\n<h2 class=\"wp-block-heading\">Anniversaire<\/h2>\n\n\n\n<figure class=\"wp-block-gallery has-nested-images columns-default is-cropped wp-block-gallery-3 is-layout-flex wp-block-gallery-is-layout-flex\">\n<figure class=\"wp-block-image size-large\"><img loading=\"lazy\" decoding=\"async\" width=\"1024\" height=\"576\" data-id=\"268\" src=\"http:\/\/wordpress1.delit-dinfluence.fr\/HFSB1\/wp-content\/uploads\/sites\/8\/2024\/03\/IMG_3427-1024x576.jpg\" alt=\"\" class=\"wp-image-268\" srcset=\"http:\/\/wordpress1.delit-dinfluence.fr\/HFSB1\/wp-content\/uploads\/sites\/8\/2024\/03\/IMG_3427-1024x576.jpg 1024w, http:\/\/wordpress1.delit-dinfluence.fr\/HFSB1\/wp-content\/uploads\/sites\/8\/2024\/03\/IMG_3427-300x169.jpg 300w, http:\/\/wordpress1.delit-dinfluence.fr\/HFSB1\/wp-content\/uploads\/sites\/8\/2024\/03\/IMG_3427-768x432.jpg 768w, http:\/\/wordpress1.delit-dinfluence.fr\/HFSB1\/wp-content\/uploads\/sites\/8\/2024\/03\/IMG_3427-1536x864.jpg 1536w, http:\/\/wordpress1.delit-dinfluence.fr\/HFSB1\/wp-content\/uploads\/sites\/8\/2024\/03\/IMG_3427.jpg 1920w\" sizes=\"auto, (max-width: 1024px) 100vw, 1024px\" \/><\/figure>\n\n\n\n<figure class=\"wp-block-image size-large\"><img loading=\"lazy\" decoding=\"async\" width=\"1024\" height=\"576\" data-id=\"269\" src=\"http:\/\/wordpress1.delit-dinfluence.fr\/HFSB1\/wp-content\/uploads\/sites\/8\/2024\/03\/IMG_343111-1024x576.jpg\" alt=\"\" class=\"wp-image-269\" srcset=\"http:\/\/wordpress1.delit-dinfluence.fr\/HFSB1\/wp-content\/uploads\/sites\/8\/2024\/03\/IMG_343111-1024x576.jpg 1024w, http:\/\/wordpress1.delit-dinfluence.fr\/HFSB1\/wp-content\/uploads\/sites\/8\/2024\/03\/IMG_343111-300x169.jpg 300w, http:\/\/wordpress1.delit-dinfluence.fr\/HFSB1\/wp-content\/uploads\/sites\/8\/2024\/03\/IMG_343111-768x432.jpg 768w, http:\/\/wordpress1.delit-dinfluence.fr\/HFSB1\/wp-content\/uploads\/sites\/8\/2024\/03\/IMG_343111-1536x864.jpg 1536w, http:\/\/wordpress1.delit-dinfluence.fr\/HFSB1\/wp-content\/uploads\/sites\/8\/2024\/03\/IMG_343111.jpg 1920w\" sizes=\"auto, (max-width: 1024px) 100vw, 1024px\" \/><\/figure>\n\n\n\n<figure class=\"wp-block-image size-large\"><img loading=\"lazy\" decoding=\"async\" width=\"1024\" height=\"576\" data-id=\"270\" src=\"http:\/\/wordpress1.delit-dinfluence.fr\/HFSB1\/wp-content\/uploads\/sites\/8\/2024\/03\/IMG_3434-1024x576.jpg\" alt=\"\" class=\"wp-image-270\" srcset=\"http:\/\/wordpress1.delit-dinfluence.fr\/HFSB1\/wp-content\/uploads\/sites\/8\/2024\/03\/IMG_3434-1024x576.jpg 1024w, http:\/\/wordpress1.delit-dinfluence.fr\/HFSB1\/wp-content\/uploads\/sites\/8\/2024\/03\/IMG_3434-300x169.jpg 300w, http:\/\/wordpress1.delit-dinfluence.fr\/HFSB1\/wp-content\/uploads\/sites\/8\/2024\/03\/IMG_3434-768x432.jpg 768w, http:\/\/wordpress1.delit-dinfluence.fr\/HFSB1\/wp-content\/uploads\/sites\/8\/2024\/03\/IMG_3434-1536x864.jpg 1536w, http:\/\/wordpress1.delit-dinfluence.fr\/HFSB1\/wp-content\/uploads\/sites\/8\/2024\/03\/IMG_3434.jpg 1920w\" sizes=\"auto, (max-width: 1024px) 100vw, 1024px\" \/><\/figure>\n<\/figure>\n\n\n\n<p><strong>Sonorisation et \u00e9clairage d\u2019un \u00e9v\u00e9nement d\u2019envergure \u00e0 proximit\u00e9 de Tours<\/strong><\/p>\n\n\n\n<p>\u00c0 l\u2019occasion de l\u2019anniversaire d\u2019une entreprise,&nbsp;<strong>HFSB<\/strong>&nbsp;a eu l\u2019honneur de sonoriser et d\u2019\u00e9clairer un \u00e9v\u00e9nement exceptionnel au c\u0153ur de la&nbsp;<strong>Grange de Meslay<\/strong>, un espace majestueux de&nbsp;<strong>1 500 m\u00b2<\/strong>, situ\u00e9 \u00e0 proximit\u00e9 de&nbsp;<strong>Tours<\/strong>.<\/p>\n\n\n\n<p>\ud83d\udd39&nbsp;<strong>Un d\u00eener-spectacle pour 800 convives<\/strong><\/p>\n\n\n\n<p>L\u2019\u00e9v\u00e9nement a rassembl\u00e9&nbsp;<strong>800 personnes<\/strong>&nbsp;pour un d\u00eener assis, rythm\u00e9 par des spectacles sur sc\u00e8ne et des interventions artistiques circulant parmi les tables.&nbsp;<strong>Notre expertise en sonorisation<\/strong>&nbsp;a permis de garantir une clart\u00e9 sonore optimale, tant pour les performances sc\u00e9niques que pour les artistes mobiles, assurant une immersion totale pour chaque invit\u00e9, o\u00f9 qu\u2019il soit plac\u00e9.<\/p>\n\n\n\n<p>\ud83d\udd39&nbsp;<strong>Un travail de mise en lumi\u00e8re et de sonorisation global<\/strong><\/p>\n\n\n\n<p>Nous avons con\u00e7u un dispositif technique&nbsp;<strong>couvrant l\u2019ensemble des espaces<\/strong>&nbsp;:<\/p>\n\n\n\n<p>\u2714&nbsp;<strong>L\u2019int\u00e9rieur de la grange<\/strong>&nbsp;: mise en lumi\u00e8re et sonorisation adapt\u00e9e aux prestations artistiques et aux discours.<\/p>\n\n\n\n<p>\u2714&nbsp;<strong>Les ext\u00e9rieurs et le parc gigantesque<\/strong>&nbsp;: mise en valeur des monuments historiques, du parking et du clo\u00eetre gr\u00e2ce \u00e0 un \u00e9clairage architectural soign\u00e9.<\/p>\n\n\n\n<p>\u2714&nbsp;<strong>Une diffusion sonore harmonis\u00e9e<\/strong>&nbsp;pour permettre une continuit\u00e9 entre les diff\u00e9rentes zones de l\u2019\u00e9v\u00e9nement.<\/p>\n\n\n\n<p>Gr\u00e2ce \u00e0 notre savoir-faire, cet anniversaire d\u2019entreprise s\u2019est transform\u00e9 en une&nbsp;<strong>exp\u00e9rience immersive et \u00e9l\u00e9gante<\/strong>, o\u00f9 chaque d\u00e9tail sonore et visuel a contribu\u00e9 \u00e0 sublimer le cadre exceptionnel de la Grange de Meslay.<\/p>\n\n\n\n<p><strong>HFSB<\/strong>, sp\u00e9cialiste de la mise en lumi\u00e8re et de la sonorisation d\u2019\u00e9v\u00e9nements prestigieux dans des lieux d\u2019exception.<\/p>\n","protected":false},"excerpt":{"rendered":"<p>Que ce soit pour un s\u00e9minaire, une conf\u00e9rence, un lancement de produit ou un gala, nous fournissons des solutions techniques cl\u00e9 en main. Sonorisation, mise en lumi\u00e8re et diffusion vid\u00e9o sont pens\u00e9es pour garantir un \u00e9v\u00e9nement fluide et impactant. Chambords Mise en lumi\u00e8re et sc\u00e9nographie sonore : une exp\u00e9rience immersive \u00e0 Chambord Chez&nbsp;HFSB, nous avons&#8230;<\/p>\n","protected":false},"author":1,"featured_media":22,"parent":0,"menu_order":0,"comment_status":"closed","ping_status":"closed","template":"wp-custom-template-evenement","meta":{"footnotes":""},"class_list":["post-250","page","type-page","status-publish","has-post-thumbnail","hentry"],"_links":{"self":[{"href":"http:\/\/wordpress1.delit-dinfluence.fr\/HFSB1\/wp-json\/wp\/v2\/pages\/250","targetHints":{"allow":["GET"]}}],"collection":[{"href":"http:\/\/wordpress1.delit-dinfluence.fr\/HFSB1\/wp-json\/wp\/v2\/pages"}],"about":[{"href":"http:\/\/wordpress1.delit-dinfluence.fr\/HFSB1\/wp-json\/wp\/v2\/types\/page"}],"author":[{"embeddable":true,"href":"http:\/\/wordpress1.delit-dinfluence.fr\/HFSB1\/wp-json\/wp\/v2\/users\/1"}],"replies":[{"embeddable":true,"href":"http:\/\/wordpress1.delit-dinfluence.fr\/HFSB1\/wp-json\/wp\/v2\/comments?post=250"}],"version-history":[{"count":9,"href":"http:\/\/wordpress1.delit-dinfluence.fr\/HFSB1\/wp-json\/wp\/v2\/pages\/250\/revisions"}],"predecessor-version":[{"id":592,"href":"http:\/\/wordpress1.delit-dinfluence.fr\/HFSB1\/wp-json\/wp\/v2\/pages\/250\/revisions\/592"}],"wp:featuredmedia":[{"embeddable":true,"href":"http:\/\/wordpress1.delit-dinfluence.fr\/HFSB1\/wp-json\/wp\/v2\/media\/22"}],"wp:attachment":[{"href":"http:\/\/wordpress1.delit-dinfluence.fr\/HFSB1\/wp-json\/wp\/v2\/media?parent=250"}],"curies":[{"name":"wp","href":"https:\/\/api.w.org\/{rel}","templated":true}]}}