{"id":222,"date":"2024-03-28T16:52:55","date_gmt":"2024-03-28T15:52:55","guid":{"rendered":"http:\/\/wordpress1.delit-dinfluence.fr\/HFSB1\/?page_id=222"},"modified":"2025-02-18T16:30:06","modified_gmt":"2025-02-18T15:30:06","slug":"concerts","status":"publish","type":"page","link":"http:\/\/wordpress1.delit-dinfluence.fr\/HFSB1\/concerts\/","title":{"rendered":"Concerts"},"content":{"rendered":"\n<p><strong>Concerts<\/strong><br>Nous assurons les prestations techniques de sonorisation, vid\u00e9o et accueil technique pour des concerts de toutes tailles. De la sc\u00e8ne int\u00e9rieure intimiste \u00e0 la grande configuration ext\u00e9rieure, nous apportons des solutions techniques adapt\u00e9es pour une exp\u00e9rience sonore et visuelle optimale.<\/p>\n","protected":false},"excerpt":{"rendered":"<p>ConcertsNous assurons les prestations techniques de sonorisation, vid\u00e9o et accueil technique pour des concerts de toutes tailles. De la sc\u00e8ne int\u00e9rieure intimiste \u00e0 la grande configuration ext\u00e9rieure, nous apportons des solutions techniques adapt\u00e9es pour une exp\u00e9rience sonore et visuelle optimale.<\/p>\n","protected":false},"author":1,"featured_media":21,"parent":0,"menu_order":0,"comment_status":"closed","ping_status":"closed","template":"wp-custom-template-concerts","meta":{"footnotes":""},"class_list":["post-222","page","type-page","status-publish","has-post-thumbnail","hentry"],"_links":{"self":[{"href":"http:\/\/wordpress1.delit-dinfluence.fr\/HFSB1\/wp-json\/wp\/v2\/pages\/222","targetHints":{"allow":["GET"]}}],"collection":[{"href":"http:\/\/wordpress1.delit-dinfluence.fr\/HFSB1\/wp-json\/wp\/v2\/pages"}],"about":[{"href":"http:\/\/wordpress1.delit-dinfluence.fr\/HFSB1\/wp-json\/wp\/v2\/types\/page"}],"author":[{"embeddable":true,"href":"http:\/\/wordpress1.delit-dinfluence.fr\/HFSB1\/wp-json\/wp\/v2\/users\/1"}],"replies":[{"embeddable":true,"href":"http:\/\/wordpress1.delit-dinfluence.fr\/HFSB1\/wp-json\/wp\/v2\/comments?post=222"}],"version-history":[{"count":3,"href":"http:\/\/wordpress1.delit-dinfluence.fr\/HFSB1\/wp-json\/wp\/v2\/pages\/222\/revisions"}],"predecessor-version":[{"id":475,"href":"http:\/\/wordpress1.delit-dinfluence.fr\/HFSB1\/wp-json\/wp\/v2\/pages\/222\/revisions\/475"}],"wp:featuredmedia":[{"embeddable":true,"href":"http:\/\/wordpress1.delit-dinfluence.fr\/HFSB1\/wp-json\/wp\/v2\/media\/21"}],"wp:attachment":[{"href":"http:\/\/wordpress1.delit-dinfluence.fr\/HFSB1\/wp-json\/wp\/v2\/media?parent=222"}],"curies":[{"name":"wp","href":"https:\/\/api.w.org\/{rel}","templated":true}]}}