{"id":148,"date":"2024-03-28T10:59:50","date_gmt":"2024-03-28T09:59:50","guid":{"rendered":"http:\/\/wordpress1.delit-dinfluence.fr\/HFSB1\/?page_id=148"},"modified":"2025-02-18T19:12:37","modified_gmt":"2025-02-18T18:12:37","slug":"sonorisation-eclairage-video","status":"publish","type":"page","link":"http:\/\/wordpress1.delit-dinfluence.fr\/HFSB1\/sonorisation-eclairage-video\/","title":{"rendered":"Sonorisation, \u00e9clairage, vid\u00e9o"},"content":{"rendered":"\n<figure class=\"wp-block-gallery has-nested-images columns-default is-cropped wp-block-gallery-1 is-layout-flex wp-block-gallery-is-layout-flex\">\n<figure class=\"wp-block-image size-large\"><img loading=\"lazy\" decoding=\"async\" width=\"1024\" height=\"576\" data-id=\"235\" src=\"http:\/\/wordpress1.delit-dinfluence.fr\/HFSB1\/wp-content\/uploads\/sites\/8\/2024\/03\/DSC_0297_1-1024x576.jpg\" alt=\"\" class=\"wp-image-235\" srcset=\"http:\/\/wordpress1.delit-dinfluence.fr\/HFSB1\/wp-content\/uploads\/sites\/8\/2024\/03\/DSC_0297_1-1024x576.jpg 1024w, http:\/\/wordpress1.delit-dinfluence.fr\/HFSB1\/wp-content\/uploads\/sites\/8\/2024\/03\/DSC_0297_1-300x169.jpg 300w, http:\/\/wordpress1.delit-dinfluence.fr\/HFSB1\/wp-content\/uploads\/sites\/8\/2024\/03\/DSC_0297_1-768x432.jpg 768w, http:\/\/wordpress1.delit-dinfluence.fr\/HFSB1\/wp-content\/uploads\/sites\/8\/2024\/03\/DSC_0297_1-1536x864.jpg 1536w, http:\/\/wordpress1.delit-dinfluence.fr\/HFSB1\/wp-content\/uploads\/sites\/8\/2024\/03\/DSC_0297_1.jpg 1920w\" sizes=\"auto, (max-width: 1024px) 100vw, 1024px\" \/><\/figure>\n\n\n\n<figure class=\"wp-block-image size-large\"><img loading=\"lazy\" decoding=\"async\" width=\"1024\" height=\"576\" data-id=\"196\" src=\"http:\/\/wordpress1.delit-dinfluence.fr\/HFSB1\/wp-content\/uploads\/sites\/8\/2024\/03\/DSC_01041-1024x576.jpg\" alt=\"\" class=\"wp-image-196\" srcset=\"http:\/\/wordpress1.delit-dinfluence.fr\/HFSB1\/wp-content\/uploads\/sites\/8\/2024\/03\/DSC_01041-1024x576.jpg 1024w, http:\/\/wordpress1.delit-dinfluence.fr\/HFSB1\/wp-content\/uploads\/sites\/8\/2024\/03\/DSC_01041-300x169.jpg 300w, http:\/\/wordpress1.delit-dinfluence.fr\/HFSB1\/wp-content\/uploads\/sites\/8\/2024\/03\/DSC_01041-768x432.jpg 768w, http:\/\/wordpress1.delit-dinfluence.fr\/HFSB1\/wp-content\/uploads\/sites\/8\/2024\/03\/DSC_01041-1536x864.jpg 1536w, http:\/\/wordpress1.delit-dinfluence.fr\/HFSB1\/wp-content\/uploads\/sites\/8\/2024\/03\/DSC_01041.jpg 1920w\" sizes=\"auto, (max-width: 1024px) 100vw, 1024px\" \/><\/figure>\n\n\n\n<figure class=\"wp-block-image size-large\"><img loading=\"lazy\" decoding=\"async\" width=\"1024\" height=\"576\" data-id=\"173\" src=\"http:\/\/wordpress1.delit-dinfluence.fr\/HFSB1\/wp-content\/uploads\/sites\/8\/2024\/03\/DSC_0409-1024x576.jpg\" alt=\"\" class=\"wp-image-173\" srcset=\"http:\/\/wordpress1.delit-dinfluence.fr\/HFSB1\/wp-content\/uploads\/sites\/8\/2024\/03\/DSC_0409-1024x576.jpg 1024w, http:\/\/wordpress1.delit-dinfluence.fr\/HFSB1\/wp-content\/uploads\/sites\/8\/2024\/03\/DSC_0409-300x169.jpg 300w, http:\/\/wordpress1.delit-dinfluence.fr\/HFSB1\/wp-content\/uploads\/sites\/8\/2024\/03\/DSC_0409-768x432.jpg 768w, http:\/\/wordpress1.delit-dinfluence.fr\/HFSB1\/wp-content\/uploads\/sites\/8\/2024\/03\/DSC_0409-1536x864.jpg 1536w, http:\/\/wordpress1.delit-dinfluence.fr\/HFSB1\/wp-content\/uploads\/sites\/8\/2024\/03\/DSC_0409.jpg 1920w\" sizes=\"auto, (max-width: 1024px) 100vw, 1024px\" \/><\/figure>\n\n\n\n<figure class=\"wp-block-image size-large\"><img loading=\"lazy\" decoding=\"async\" width=\"1024\" height=\"576\" data-id=\"169\" src=\"http:\/\/wordpress1.delit-dinfluence.fr\/HFSB1\/wp-content\/uploads\/sites\/8\/2024\/03\/DSC_0194_2-1024x576.jpg\" alt=\"\" class=\"wp-image-169\" srcset=\"http:\/\/wordpress1.delit-dinfluence.fr\/HFSB1\/wp-content\/uploads\/sites\/8\/2024\/03\/DSC_0194_2-1024x576.jpg 1024w, http:\/\/wordpress1.delit-dinfluence.fr\/HFSB1\/wp-content\/uploads\/sites\/8\/2024\/03\/DSC_0194_2-300x169.jpg 300w, http:\/\/wordpress1.delit-dinfluence.fr\/HFSB1\/wp-content\/uploads\/sites\/8\/2024\/03\/DSC_0194_2-768x432.jpg 768w, http:\/\/wordpress1.delit-dinfluence.fr\/HFSB1\/wp-content\/uploads\/sites\/8\/2024\/03\/DSC_0194_2-1536x864.jpg 1536w, http:\/\/wordpress1.delit-dinfluence.fr\/HFSB1\/wp-content\/uploads\/sites\/8\/2024\/03\/DSC_0194_2-2048x1151.jpg 2048w\" sizes=\"auto, (max-width: 1024px) 100vw, 1024px\" \/><\/figure>\n\n\n\n<figure class=\"wp-block-image size-large\"><img loading=\"lazy\" decoding=\"async\" width=\"1024\" height=\"576\" data-id=\"269\" src=\"http:\/\/wordpress1.delit-dinfluence.fr\/HFSB1\/wp-content\/uploads\/sites\/8\/2024\/03\/IMG_343111-1024x576.jpg\" alt=\"\" class=\"wp-image-269\" srcset=\"http:\/\/wordpress1.delit-dinfluence.fr\/HFSB1\/wp-content\/uploads\/sites\/8\/2024\/03\/IMG_343111-1024x576.jpg 1024w, http:\/\/wordpress1.delit-dinfluence.fr\/HFSB1\/wp-content\/uploads\/sites\/8\/2024\/03\/IMG_343111-300x169.jpg 300w, http:\/\/wordpress1.delit-dinfluence.fr\/HFSB1\/wp-content\/uploads\/sites\/8\/2024\/03\/IMG_343111-768x432.jpg 768w, http:\/\/wordpress1.delit-dinfluence.fr\/HFSB1\/wp-content\/uploads\/sites\/8\/2024\/03\/IMG_343111-1536x864.jpg 1536w, http:\/\/wordpress1.delit-dinfluence.fr\/HFSB1\/wp-content\/uploads\/sites\/8\/2024\/03\/IMG_343111.jpg 1920w\" sizes=\"auto, (max-width: 1024px) 100vw, 1024px\" \/><\/figure>\n\n\n\n<figure class=\"wp-block-image size-large\"><img loading=\"lazy\" decoding=\"async\" width=\"1024\" height=\"576\" data-id=\"292\" src=\"http:\/\/wordpress1.delit-dinfluence.fr\/HFSB1\/wp-content\/uploads\/sites\/8\/2024\/03\/DSC_0092_2-1024x576.jpg\" alt=\"\" class=\"wp-image-292\" srcset=\"http:\/\/wordpress1.delit-dinfluence.fr\/HFSB1\/wp-content\/uploads\/sites\/8\/2024\/03\/DSC_0092_2-1024x576.jpg 1024w, http:\/\/wordpress1.delit-dinfluence.fr\/HFSB1\/wp-content\/uploads\/sites\/8\/2024\/03\/DSC_0092_2-300x169.jpg 300w, http:\/\/wordpress1.delit-dinfluence.fr\/HFSB1\/wp-content\/uploads\/sites\/8\/2024\/03\/DSC_0092_2-768x432.jpg 768w, http:\/\/wordpress1.delit-dinfluence.fr\/HFSB1\/wp-content\/uploads\/sites\/8\/2024\/03\/DSC_0092_2-1536x864.jpg 1536w, http:\/\/wordpress1.delit-dinfluence.fr\/HFSB1\/wp-content\/uploads\/sites\/8\/2024\/03\/DSC_0092_2.jpg 1920w\" sizes=\"auto, (max-width: 1024px) 100vw, 1024px\" \/><\/figure>\n<\/figure>\n\n\n\n<h2 class=\"wp-block-heading is-style-default\"><strong>HFSB vous accompagne sur vos diff\u00e9rents projets :<\/strong><\/h2>\n\n\n\n<ul class=\"wp-block-list\">\n<li>Th\u00e9\u00e2tre et danse<\/li>\n\n\n\n<li>Concerts, festivals et spectacles vivants<\/li>\n\n\n\n<li>\u00c9v\u00e8nementiel<\/li>\n\n\n\n<li>Accueil technique artistique, etc\u2026<\/li>\n<\/ul>\n\n\n\n<p>Depuis de nombreuses ann\u00e9es, nous assurons la r\u00e9gie technique de vos \u00e9v\u00e9nements. Vous fournissez<br>lieu, \u00e9lectricit\u00e9, artistes ou intervenants, on s\u2019occupe du reste.<\/p>\n\n\n\n<p><strong>Sonorisation professionnelle :<\/strong><\/p>\n\n\n\n<ul class=\"wp-block-list\">\n<li>Consoles de mixage num\u00e9riques\/analogiques Soundcraft\/Yamaha<\/li>\n\n\n\n<li>Syst\u00e8me de diffusion pour plus de 1000 personnes en ext\u00e9rieur (Nexo, RCF)<\/li>\n\n\n\n<li>Retours de sc\u00e8ne<\/li>\n\n\n\n<li>Patch num\u00e9rique<\/li>\n\n\n\n<li>Microphones (Shure, Sennheiser, AKG, Neumann, \u2026)<\/li>\n<\/ul>\n\n\n\n<p><strong>\u00c9clairage :<\/strong><\/p>\n\n\n\n<ul class=\"wp-block-list\">\n<li>Projecteurs traditionnels : PAR 36\/56\/64, PC 1KW, d\u00e9coupes Robert Juliat et ETC junior<\/li>\n\n\n\n<li>Projecteurs Led : Electroconcept Qpar 188, Oxo Colorbeam 7 et 18 fcw, Oxo colorzoom 180, Funstrip T10, lyres led, projecteurs sur batteries, etc.<\/li>\n<\/ul>\n\n\n\n<p><strong>Structure :<\/strong><\/p>\n\n\n\n<ul class=\"wp-block-list\">\n<li>60m de structure alu 290, pieds de levages, embases lourdes<\/li>\n\n\n\n<li>Pendrillonnage<\/li>\n\n\n\n<li>48m\u00b2 de praticables\/sc\u00e8ne<\/li>\n<\/ul>\n\n\n\n<p><strong>Diffusion vid\u00e9o :<\/strong><\/p>\n\n\n\n<ul class=\"wp-block-list\">\n<li>\u00c9crans de projection face\/retro<\/li>\n\n\n\n<li>Vid\u00e9o projecteur laser<\/li>\n\n\n\n<li>\u00c9cran TV 55\u2019\u2019<\/li>\n\n\n\n<li>Distribution vid\u00e9o hdmi\/RJ45<\/li>\n<\/ul>\n","protected":false},"excerpt":{"rendered":"<p>HFSB vous accompagne sur vos diff\u00e9rents projets : Depuis de nombreuses ann\u00e9es, nous assurons la r\u00e9gie technique de vos \u00e9v\u00e9nements. Vous fournissezlieu, \u00e9lectricit\u00e9, artistes ou intervenants, on s\u2019occupe du reste. Sonorisation professionnelle : \u00c9clairage : Structure : Diffusion vid\u00e9o :<\/p>\n","protected":false},"author":1,"featured_media":21,"parent":0,"menu_order":0,"comment_status":"closed","ping_status":"closed","template":"wp-custom-template-prestation","meta":{"footnotes":""},"class_list":["post-148","page","type-page","status-publish","has-post-thumbnail","hentry"],"_links":{"self":[{"href":"http:\/\/wordpress1.delit-dinfluence.fr\/HFSB1\/wp-json\/wp\/v2\/pages\/148","targetHints":{"allow":["GET"]}}],"collection":[{"href":"http:\/\/wordpress1.delit-dinfluence.fr\/HFSB1\/wp-json\/wp\/v2\/pages"}],"about":[{"href":"http:\/\/wordpress1.delit-dinfluence.fr\/HFSB1\/wp-json\/wp\/v2\/types\/page"}],"author":[{"embeddable":true,"href":"http:\/\/wordpress1.delit-dinfluence.fr\/HFSB1\/wp-json\/wp\/v2\/users\/1"}],"replies":[{"embeddable":true,"href":"http:\/\/wordpress1.delit-dinfluence.fr\/HFSB1\/wp-json\/wp\/v2\/comments?post=148"}],"version-history":[{"count":8,"href":"http:\/\/wordpress1.delit-dinfluence.fr\/HFSB1\/wp-json\/wp\/v2\/pages\/148\/revisions"}],"predecessor-version":[{"id":559,"href":"http:\/\/wordpress1.delit-dinfluence.fr\/HFSB1\/wp-json\/wp\/v2\/pages\/148\/revisions\/559"}],"wp:featuredmedia":[{"embeddable":true,"href":"http:\/\/wordpress1.delit-dinfluence.fr\/HFSB1\/wp-json\/wp\/v2\/media\/21"}],"wp:attachment":[{"href":"http:\/\/wordpress1.delit-dinfluence.fr\/HFSB1\/wp-json\/wp\/v2\/media?parent=148"}],"curies":[{"name":"wp","href":"https:\/\/api.w.org\/{rel}","templated":true}]}}