{"id":146,"date":"2024-03-28T11:00:04","date_gmt":"2024-03-28T10:00:04","guid":{"rendered":"http:\/\/wordpress1.delit-dinfluence.fr\/HFSB1\/?page_id=146"},"modified":"2025-02-18T19:22:33","modified_gmt":"2025-02-18T18:22:33","slug":"installation-integration","status":"publish","type":"page","link":"http:\/\/wordpress1.delit-dinfluence.fr\/HFSB1\/installation-integration\/","title":{"rendered":"Vente Installation Int\u00e9gration"},"content":{"rendered":"\n<h2 class=\"wp-block-heading\">Vente &#8211; Installation &#8211; Int\u00e9gration de solutions et \u00e9quipements audio, vid\u00e9os, multim\u00e9dias et \u00e9lectroniques<\/h2>\n\n\n\n<p>D\u00e9couvrez notre activit\u00e9 de vente, installation \/ int\u00e9gration et \u00e9tude&nbsp;:<\/p>\n\n\n\n<ul class=\"wp-block-list\">\n<li>Vente de mat\u00e9riel son, vid\u00e9o, \u00e9clairage et p\u00e9riph\u00e9riques<\/li>\n\n\n\n<li>Installation\/int\u00e9gration pour les commerces (bars, restaurants, etc..), salles de conf\u00e9rences, salles de spectacles, salle des f\u00eates et centre socio-culturels, sonorisation ext\u00e9rieure<\/li>\n<\/ul>\n\n\n\n<p>Toute demande fera l\u2019objet d\u2019une \u00e9tude suivie d\u2019un devis.<\/p>\n\n\n\n<figure class=\"wp-block-gallery has-nested-images columns-default is-cropped wp-block-gallery-1 is-layout-flex wp-block-gallery-is-layout-flex\">\n<figure class=\"wp-block-image size-large\"><img loading=\"lazy\" decoding=\"async\" width=\"1024\" height=\"576\" data-id=\"563\" src=\"http:\/\/wordpress1.delit-dinfluence.fr\/HFSB1\/wp-content\/uploads\/sites\/8\/2025\/02\/DSC_1994-1024x576.jpg\" alt=\"\" class=\"wp-image-563\" srcset=\"http:\/\/wordpress1.delit-dinfluence.fr\/HFSB1\/wp-content\/uploads\/sites\/8\/2025\/02\/DSC_1994-1024x576.jpg 1024w, http:\/\/wordpress1.delit-dinfluence.fr\/HFSB1\/wp-content\/uploads\/sites\/8\/2025\/02\/DSC_1994-300x169.jpg 300w, http:\/\/wordpress1.delit-dinfluence.fr\/HFSB1\/wp-content\/uploads\/sites\/8\/2025\/02\/DSC_1994-768x432.jpg 768w, http:\/\/wordpress1.delit-dinfluence.fr\/HFSB1\/wp-content\/uploads\/sites\/8\/2025\/02\/DSC_1994-1536x864.jpg 1536w, http:\/\/wordpress1.delit-dinfluence.fr\/HFSB1\/wp-content\/uploads\/sites\/8\/2025\/02\/DSC_1994-2048x1152.jpg 2048w\" sizes=\"auto, (max-width: 1024px) 100vw, 1024px\" \/><\/figure>\n\n\n\n<figure class=\"wp-block-image size-large\"><img loading=\"lazy\" decoding=\"async\" width=\"1024\" height=\"576\" data-id=\"284\" src=\"http:\/\/wordpress1.delit-dinfluence.fr\/HFSB1\/wp-content\/uploads\/sites\/8\/2024\/03\/DSC_19861-1024x576.jpg\" alt=\"\" class=\"wp-image-284\" srcset=\"http:\/\/wordpress1.delit-dinfluence.fr\/HFSB1\/wp-content\/uploads\/sites\/8\/2024\/03\/DSC_19861-1024x576.jpg 1024w, http:\/\/wordpress1.delit-dinfluence.fr\/HFSB1\/wp-content\/uploads\/sites\/8\/2024\/03\/DSC_19861-300x169.jpg 300w, http:\/\/wordpress1.delit-dinfluence.fr\/HFSB1\/wp-content\/uploads\/sites\/8\/2024\/03\/DSC_19861-768x432.jpg 768w, http:\/\/wordpress1.delit-dinfluence.fr\/HFSB1\/wp-content\/uploads\/sites\/8\/2024\/03\/DSC_19861-1536x864.jpg 1536w, http:\/\/wordpress1.delit-dinfluence.fr\/HFSB1\/wp-content\/uploads\/sites\/8\/2024\/03\/DSC_19861.jpg 1920w\" sizes=\"auto, (max-width: 1024px) 100vw, 1024px\" \/><\/figure>\n\n\n\n<figure class=\"wp-block-image size-large\"><img loading=\"lazy\" decoding=\"async\" width=\"1024\" height=\"576\" data-id=\"490\" src=\"http:\/\/wordpress1.delit-dinfluence.fr\/HFSB1\/wp-content\/uploads\/sites\/8\/2025\/02\/DSC_0159-1024x576.jpg\" alt=\"\" class=\"wp-image-490\" srcset=\"http:\/\/wordpress1.delit-dinfluence.fr\/HFSB1\/wp-content\/uploads\/sites\/8\/2025\/02\/DSC_0159-1024x576.jpg 1024w, http:\/\/wordpress1.delit-dinfluence.fr\/HFSB1\/wp-content\/uploads\/sites\/8\/2025\/02\/DSC_0159-300x169.jpg 300w, http:\/\/wordpress1.delit-dinfluence.fr\/HFSB1\/wp-content\/uploads\/sites\/8\/2025\/02\/DSC_0159-768x432.jpg 768w, http:\/\/wordpress1.delit-dinfluence.fr\/HFSB1\/wp-content\/uploads\/sites\/8\/2025\/02\/DSC_0159-1536x864.jpg 1536w, http:\/\/wordpress1.delit-dinfluence.fr\/HFSB1\/wp-content\/uploads\/sites\/8\/2025\/02\/DSC_0159-2048x1152.jpg 2048w\" sizes=\"auto, (max-width: 1024px) 100vw, 1024px\" \/><\/figure>\n\n\n\n<figure class=\"wp-block-image size-large\"><img loading=\"lazy\" decoding=\"async\" width=\"576\" height=\"1024\" data-id=\"561\" src=\"http:\/\/wordpress1.delit-dinfluence.fr\/HFSB1\/wp-content\/uploads\/sites\/8\/2025\/02\/DSC_2106-576x1024.jpg\" alt=\"\" class=\"wp-image-561\" srcset=\"http:\/\/wordpress1.delit-dinfluence.fr\/HFSB1\/wp-content\/uploads\/sites\/8\/2025\/02\/DSC_2106-576x1024.jpg 576w, http:\/\/wordpress1.delit-dinfluence.fr\/HFSB1\/wp-content\/uploads\/sites\/8\/2025\/02\/DSC_2106-169x300.jpg 169w, http:\/\/wordpress1.delit-dinfluence.fr\/HFSB1\/wp-content\/uploads\/sites\/8\/2025\/02\/DSC_2106-768x1365.jpg 768w, http:\/\/wordpress1.delit-dinfluence.fr\/HFSB1\/wp-content\/uploads\/sites\/8\/2025\/02\/DSC_2106-864x1536.jpg 864w, http:\/\/wordpress1.delit-dinfluence.fr\/HFSB1\/wp-content\/uploads\/sites\/8\/2025\/02\/DSC_2106-1152x2048.jpg 1152w, http:\/\/wordpress1.delit-dinfluence.fr\/HFSB1\/wp-content\/uploads\/sites\/8\/2025\/02\/DSC_2106-scaled.jpg 1440w\" sizes=\"auto, (max-width: 576px) 100vw, 576px\" \/><\/figure>\n\n\n\n<figure class=\"wp-block-image size-large\"><img loading=\"lazy\" decoding=\"async\" width=\"576\" height=\"1024\" data-id=\"562\" src=\"http:\/\/wordpress1.delit-dinfluence.fr\/HFSB1\/wp-content\/uploads\/sites\/8\/2025\/02\/DSC_2164-576x1024.jpg\" alt=\"\" class=\"wp-image-562\" srcset=\"http:\/\/wordpress1.delit-dinfluence.fr\/HFSB1\/wp-content\/uploads\/sites\/8\/2025\/02\/DSC_2164-576x1024.jpg 576w, http:\/\/wordpress1.delit-dinfluence.fr\/HFSB1\/wp-content\/uploads\/sites\/8\/2025\/02\/DSC_2164-169x300.jpg 169w, http:\/\/wordpress1.delit-dinfluence.fr\/HFSB1\/wp-content\/uploads\/sites\/8\/2025\/02\/DSC_2164-768x1365.jpg 768w, http:\/\/wordpress1.delit-dinfluence.fr\/HFSB1\/wp-content\/uploads\/sites\/8\/2025\/02\/DSC_2164-864x1536.jpg 864w, http:\/\/wordpress1.delit-dinfluence.fr\/HFSB1\/wp-content\/uploads\/sites\/8\/2025\/02\/DSC_2164-1152x2048.jpg 1152w, http:\/\/wordpress1.delit-dinfluence.fr\/HFSB1\/wp-content\/uploads\/sites\/8\/2025\/02\/DSC_2164-scaled.jpg 1440w\" sizes=\"auto, (max-width: 576px) 100vw, 576px\" \/><\/figure>\n<\/figure>\n","protected":false},"excerpt":{"rendered":"<p>Vente &#8211; Installation &#8211; Int\u00e9gration de solutions et \u00e9quipements audio, vid\u00e9os, multim\u00e9dias et \u00e9lectroniques D\u00e9couvrez notre activit\u00e9 de vente, installation \/ int\u00e9gration et \u00e9tude&nbsp;: Toute demande fera l\u2019objet d\u2019une \u00e9tude suivie d\u2019un devis.<\/p>\n","protected":false},"author":1,"featured_media":199,"parent":0,"menu_order":0,"comment_status":"closed","ping_status":"closed","template":"wp-custom-template-prestation","meta":{"footnotes":""},"class_list":["post-146","page","type-page","status-publish","has-post-thumbnail","hentry"],"_links":{"self":[{"href":"http:\/\/wordpress1.delit-dinfluence.fr\/HFSB1\/wp-json\/wp\/v2\/pages\/146","targetHints":{"allow":["GET"]}}],"collection":[{"href":"http:\/\/wordpress1.delit-dinfluence.fr\/HFSB1\/wp-json\/wp\/v2\/pages"}],"about":[{"href":"http:\/\/wordpress1.delit-dinfluence.fr\/HFSB1\/wp-json\/wp\/v2\/types\/page"}],"author":[{"embeddable":true,"href":"http:\/\/wordpress1.delit-dinfluence.fr\/HFSB1\/wp-json\/wp\/v2\/users\/1"}],"replies":[{"embeddable":true,"href":"http:\/\/wordpress1.delit-dinfluence.fr\/HFSB1\/wp-json\/wp\/v2\/comments?post=146"}],"version-history":[{"count":10,"href":"http:\/\/wordpress1.delit-dinfluence.fr\/HFSB1\/wp-json\/wp\/v2\/pages\/146\/revisions"}],"predecessor-version":[{"id":566,"href":"http:\/\/wordpress1.delit-dinfluence.fr\/HFSB1\/wp-json\/wp\/v2\/pages\/146\/revisions\/566"}],"wp:featuredmedia":[{"embeddable":true,"href":"http:\/\/wordpress1.delit-dinfluence.fr\/HFSB1\/wp-json\/wp\/v2\/media\/199"}],"wp:attachment":[{"href":"http:\/\/wordpress1.delit-dinfluence.fr\/HFSB1\/wp-json\/wp\/v2\/media?parent=146"}],"curies":[{"name":"wp","href":"https:\/\/api.w.org\/{rel}","templated":true}]}}